{"id":265,"date":"2025-07-30T09:07:48","date_gmt":"2025-07-30T09:07:48","guid":{"rendered":"https:\/\/kapex.websitesunum.com.tr\/?page_id=265"},"modified":"2025-08-14T11:14:44","modified_gmt":"2025-08-14T11:14:44","slug":"ulasim","status":"publish","type":"page","link":"https:\/\/kapexfair.com\/ru\/ulasim\/","title":{"rendered":"\u0422\u0440\u0430\u043d\u0441\u043f\u043e\u0440\u0442"},"content":{"rendered":"<div class=\"wpb-content-wrapper\"><div class=\"vc_row wpb_row vc_row-fluid\"><div class=\"wpb_column vc_column_container vc_col-sm-12\"><div class=\"vc_column-inner\"><div class=\"wpb_wrapper\">\n\t\t<div id=\"wd-6888d4700a435\" class=\"wd-tabs wd-wpb wd-rs-6888d4700a435 tabs-design-simple\">\n\t\t\t<div class=\"wd-tabs-header text-center\">\n\t\t\t\t\n\t\t\t\t\n\t\t\t\t<div class=\"wd-nav-wrapper wd-nav-tabs-wrapper\">\n\t\t\t\t\t<ul class=\"wd-nav wd-nav-tabs wd-icon-pos-left wd-style-default font-primary wd-fontsize-m wd-font-weight-800\">\n\t\t\t\t\t\t\t\t\t\t\t\t\t\n\t\t\t\t\t\t\t<li>\n\t\t\t\t\t\t\t\t<a href=\"#\" class=\"wd-nav-link\">\n\t\t\t\t\t\t\t\t\t\t\t\t\t\t\t\t\t\t\t<span class=\"img-wrapper\"><i class=\"fa fa-solid fa-car-rear\"><\/i><\/span>\t\t\t\t\t\t\t\t\t\t\t\t\t\t\t\t\t\t<span class=\"nav-link-text wd-tabs-title\">\n\t\t\t\t\t\t\t\t\t\t\u0421\u043f\u0435\u0446\u0438\u0430\u043b\u044c\u043d\u044b\u0439 \u0430\u0432\u0442\u043e\u043c\u043e\u0431\u0438\u043b\u044c\t\t\t\t\t\t\t\t\t<\/span>\n\t\t\t\t\t\t\t\t<\/a>\n\t\t\t\t\t\t\t<\/li>\n\n\t\t\t\t\t\t\t\t\t\t\t\t\t\n\t\t\t\t\t\t\t<li>\n\t\t\t\t\t\t\t\t<a href=\"#\" class=\"wd-nav-link\">\n\t\t\t\t\t\t\t\t\t\t\t\t\t\t\t\t\t\t\t<span class=\"img-wrapper\"><i class=\"fa fa-solid fa-bus\"><\/i><\/span>\t\t\t\t\t\t\t\t\t\t\t\t\t\t\t\t\t\t<span class=\"nav-link-text wd-tabs-title\">\n\t\t\t\t\t\t\t\t\t\t\u041e\u0431\u0449\u0435\u0441\u0442\u0432\u0435\u043d\u043d\u044b\u0439 \u0442\u0440\u0430\u043d\u0441\u043f\u043e\u0440\u0442\t\t\t\t\t\t\t\t\t<\/span>\n\t\t\t\t\t\t\t\t<\/a>\n\t\t\t\t\t\t\t<\/li>\n\n\t\t\t\t\t\t\t\t\t\t\t\t\t\n\t\t\t\t\t\t\t<li>\n\t\t\t\t\t\t\t\t<a href=\"#\" class=\"wd-nav-link\">\n\t\t\t\t\t\t\t\t\t\t\t\t\t\t\t\t\t\t\t<span class=\"img-wrapper\"><i class=\"fa fa-solid fa-plane-up\"><\/i><\/span>\t\t\t\t\t\t\t\t\t\t\t\t\t\t\t\t\t\t<span class=\"nav-link-text wd-tabs-title\">\n\t\t\t\t\t\t\t\t\t\t\u0410\u0432\u0438\u0430\u043a\u043e\u043c\u043f\u0430\u043d\u0438\u044f\t\t\t\t\t\t\t\t\t<\/span>\n\t\t\t\t\t\t\t\t<\/a>\n\t\t\t\t\t\t\t<\/li>\n\n\t\t\t\t\t\t\t\t\t\t\t\t\t\n\t\t\t\t\t\t\t<li>\n\t\t\t\t\t\t\t\t<a href=\"#\" class=\"wd-nav-link\">\n\t\t\t\t\t\t\t\t\t\t\t\t\t\t\t\t\t\t\t<span class=\"img-wrapper\"><i class=\"fa fa-solid fa-train-subway\"><\/i><\/span>\t\t\t\t\t\t\t\t\t\t\t\t\t\t\t\t\t\t<span class=\"nav-link-text wd-tabs-title\">\n\t\t\t\t\t\t\t\t\t\t\u0416\u0435\u043b\u0435\u0437\u043d\u0430\u044f \u0434\u043e\u0440\u043e\u0433\u0430\t\t\t\t\t\t\t\t\t<\/span>\n\t\t\t\t\t\t\t\t<\/a>\n\t\t\t\t\t\t\t<\/li>\n\n\t\t\t\t\t\t\t\t\t\t\t\t\t\n\t\t\t\t\t\t\t<li>\n\t\t\t\t\t\t\t\t<a href=\"#\" class=\"wd-nav-link\">\n\t\t\t\t\t\t\t\t\t\t\t\t\t\t\t\t\t\t\t<span class=\"img-wrapper\"><i class=\"fa fa-solid fa-taxi\"><\/i><\/span>\t\t\t\t\t\t\t\t\t\t\t\t\t\t\t\t\t\t<span class=\"nav-link-text wd-tabs-title\">\n\t\t\t\t\t\t\t\t\t\t\u0422\u0430\u043a\u0441\u0438 \u0438\u043b\u0438 \u0447\u0430\u0441\u0442\u043d\u044b\u0439 \u0442\u0440\u0430\u043d\u0441\u0444\u0435\u0440\t\t\t\t\t\t\t\t\t<\/span>\n\t\t\t\t\t\t\t\t<\/a>\n\t\t\t\t\t\t\t<\/li>\n\n\t\t\t\t\t\t\n\t\t\t\t\t<\/ul>\n\t\t\t\t<\/div>\n\t\t\t<\/div>\n\n\t\t\t<div class=\"wd-tabs-content-wrapper\">\n\t\t\t\t\n\t\t<div class=\"wd-tab-content\">\n\t\t\t\t\t\t\t<div class=\"wd-entry-content\">\n\t\t\t\t\t- \u0412\u044b\u0441\u0442\u0430\u0432\u043e\u0447\u043d\u044b\u0439 \u0446\u0435\u043d\u0442\u0440 \u043d\u0430\u0445\u043e\u0434\u0438\u0442\u0441\u044f \u043f\u0440\u0438\u043c\u0435\u0440\u043d\u043e \u0432 20 \u043c\u0438\u043d\u0443\u0442\u0430\u0445 \u0435\u0437\u0434\u044b \u043e\u0442 \u0446\u0435\u043d\u0442\u0440\u0430 \u0433\u043e\u0440\u043e\u0434\u0430 \u041a\u0430\u0439\u0441\u0435\u0440\u0438.<br \/>\n- \u0412\u044b \u043c\u043e\u0436\u0435\u0442\u0435 \u043b\u0435\u0433\u043a\u043e \u0434\u043e\u0431\u0440\u0430\u0442\u044c\u0441\u044f \u0434\u043e \u0432\u044b\u0441\u0442\u0430\u0432\u043e\u0447\u043d\u043e\u0433\u043e \u0446\u0435\u043d\u0442\u0440\u0430, \u0441\u043b\u0435\u0434\u0443\u044f \u0438\u0437 \u0446\u0435\u043d\u0442\u0440\u0430 \u0433\u043e\u0440\u043e\u0434\u0430 \u043f\u043e \u043d\u0430\u043f\u0440\u0430\u0432\u043b\u0435\u043d\u0438\u044e \u043a \u043e\u0440\u0433\u0430\u043d\u0438\u0437\u043e\u0432\u0430\u043d\u043d\u043e\u0439 \u043f\u0440\u043e\u043c\u044b\u0448\u043b\u0435\u043d\u043d\u043e\u0439 \u0437\u043e\u043d\u0435 (OSB).<br \/>\n- \u041d\u0430 \u0442\u0435\u0440\u0440\u0438\u0442\u043e\u0440\u0438\u0438 \u043e\u0442\u0435\u043b\u044f \u0438\u043c\u0435\u0435\u0442\u0441\u044f \u0431\u0435\u0441\u043f\u043b\u0430\u0442\u043d\u0430\u044f \u043f\u0430\u0440\u043a\u043e\u0432\u043a\u0430.<\/p>\n<p>\t\t\t\t<\/div>\n\t\t\t\t\t<\/div>\n\n\t\t\n\t\t<div class=\"wd-tab-content\">\n\t\t\t\t\t\t\t<div class=\"wd-entry-content\">\n\t\t\t\t\t- \u0418\u0437 \u0446\u0435\u043d\u0442\u0440\u0430 \u0433\u043e\u0440\u043e\u0434\u0430 \u0434\u043e \u0432\u044b\u0441\u0442\u0430\u0432\u043e\u0447\u043d\u043e\u0433\u043e \u0446\u0435\u043d\u0442\u0440\u0430 OSB \u0445\u043e\u0434\u044f\u0442 \u0430\u0432\u0442\u043e\u0431\u0443\u0441\u044b \u0438 \u043c\u0438\u043a\u0440\u043e\u0430\u0432\u0442\u043e\u0431\u0443\u0441\u044b.<br \/>\n- \u0410\u0432\u0442\u043e\u0431\u0443\u0441\u043d\u0430\u044f \u043b\u0438\u043d\u0438\u044f: 132, 135, 141 \u0430\u0432\u0442\u043e\u0431\u0443\u0441\u044b \u0438\u0434\u0443\u0442 \u0434\u043e \u0440\u0430\u0439\u043e\u043d\u0430 OSB.<br \/>\n- \u041e\u0441\u0442\u0430\u043d\u043e\u0432\u043a\u0430: \u0412\u044b \u043c\u043e\u0436\u0435\u0442\u0435 \u0432\u044b\u0439\u0442\u0438 \u043d\u0430 \u043e\u0441\u0442\u0430\u043d\u043e\u0432\u043a\u0435 \"25-\u044f \u0443\u043b\u0438\u0446\u0430 \/ \u042f\u0440\u043c\u0430\u0440\u043e\u0447\u043d\u0430\u044f \u043f\u043b\u043e\u0449\u0430\u0434\u044c\".<br \/>\n- \u0420\u0430\u0441\u043f\u0438\u0441\u0430\u043d\u0438\u044f: \u0422\u0435\u043a\u0443\u0449\u0435\u0435 \u0440\u0430\u0441\u043f\u0438\u0441\u0430\u043d\u0438\u0435 \u043c\u043e\u0436\u043d\u043e \u0443\u0437\u043d\u0430\u0442\u044c \u043d\u0430 \u0441\u0430\u0439\u0442\u0435 Kayseri Ula\u015f\u0131m A.\u015e.<br \/>\n\ud83d\udd17\u00a0<a href=\"http:\/\/www.kayseriulasim.com.tr\">www.kayseriulasim.com.tr<\/a><\/p>\n<p>\t\t\t\t<\/div>\n\t\t\t\t\t<\/div>\n\n\t\t\n\t\t<div class=\"wd-tab-content\">\n\t\t\t\t\t\t\t<div class=\"wd-entry-content\">\n\t\t\t\t\t- \u0410\u044d\u0440\u043e\u043f\u043e\u0440\u0442 \u041a\u0430\u0439\u0441\u0435\u0440\u0438 \u042d\u0440\u043a\u0438\u043b\u0435\u0442 (ASR) \u043d\u0430\u0445\u043e\u0434\u0438\u0442\u0441\u044f \u043f\u0440\u0438\u043c\u0435\u0440\u043d\u043e \u0432 30 \u043c\u0438\u043d\u0443\u0442\u0430\u0445 \u0435\u0437\u0434\u044b \u043e\u0442 \u0432\u044b\u0441\u0442\u0430\u0432\u043e\u0447\u043d\u043e\u0433\u043e \u0446\u0435\u043d\u0442\u0440\u0430.<br \/>\n- \u0414\u043e\u0431\u0440\u0430\u0442\u044c\u0441\u044f \u0442\u0443\u0434\u0430 \u043c\u043e\u0436\u043d\u043e \u043d\u0430 \u0442\u0430\u043a\u0441\u0438, \u0430\u0440\u0435\u043d\u0434\u043e\u0432\u0430\u043d\u043d\u043e\u043c \u0430\u0432\u0442\u043e\u043c\u043e\u0431\u0438\u043b\u0435 \u0438\u043b\u0438 \u0447\u0430\u0441\u0442\u043d\u043e\u043c \u0442\u0440\u0430\u043d\u0441\u0444\u0435\u0440\u0435.<br \/>\n- \u0412\u044b \u043c\u043e\u0436\u0435\u0442\u0435 \u0434\u043e\u0435\u0445\u0430\u0442\u044c \u043d\u0430 \u043e\u0431\u0449\u0435\u0441\u0442\u0432\u0435\u043d\u043d\u043e\u043c \u0442\u0440\u0430\u043d\u0441\u043f\u043e\u0440\u0442\u0435 \u0438\u0437 \u0430\u044d\u0440\u043e\u043f\u043e\u0440\u0442\u0430 \u0434\u043e \u0446\u0435\u043d\u0442\u0440\u0430 \u0433\u043e\u0440\u043e\u0434\u0430, \u0430 \u0437\u0430\u0442\u0435\u043c \u043f\u0440\u043e\u0434\u043e\u043b\u0436\u0438\u0442\u044c \u0434\u0432\u0438\u0436\u0435\u043d\u0438\u0435 \u0432 \u043d\u0430\u043f\u0440\u0430\u0432\u043b\u0435\u043d\u0438\u0438 OSB.<\/p>\n<p>\t\t\t\t<\/div>\n\t\t\t\t\t<\/div>\n\n\t\t\n\t\t<div class=\"wd-tab-content\">\n\t\t\t\t\t\t\t<div class=\"wd-entry-content\">\n\t\t\t\t\t- \u041e\u0442\u0435\u043b\u044c Kayseri Gar\u0131 \u0440\u0430\u0441\u043f\u043e\u043b\u043e\u0436\u0435\u043d \u0432 \u0446\u0435\u043d\u0442\u0440\u0435 \u0433\u043e\u0440\u043e\u0434\u0430.<br \/>\n- \u041e\u0442 \u0436\u0435\u043b\u0435\u0437\u043d\u043e\u0434\u043e\u0440\u043e\u0436\u043d\u043e\u0433\u043e \u0432\u043e\u043a\u0437\u0430\u043b\u0430 \u0434\u043e OSB \u043c\u043e\u0436\u043d\u043e \u0434\u043e\u0431\u0440\u0430\u0442\u044c\u0441\u044f \u043d\u0430 \u0442\u0430\u043a\u0441\u0438 \u0438\u043b\u0438 \u043e\u0431\u0449\u0435\u0441\u0442\u0432\u0435\u043d\u043d\u043e\u043c \u0442\u0440\u0430\u043d\u0441\u043f\u043e\u0440\u0442\u0435.<br \/>\n- \u0421\u0440\u0435\u0434\u043d\u0435\u0435 \u0432\u0440\u0435\u043c\u044f \u0432 \u043f\u0443\u0442\u0438: 25-30 \u043c\u0438\u043d\u0443\u0442<\/p>\n<p>\t\t\t\t<\/div>\n\t\t\t\t\t<\/div>\n\n\t\t\n\t\t<div class=\"wd-tab-content\">\n\t\t\t\t\t\t\t<div class=\"wd-entry-content\">\n\t\t\t\t\t- \u0421\u0440\u0435\u0434\u043d\u044f\u044f \u0441\u0442\u043e\u0438\u043c\u043e\u0441\u0442\u044c \u043f\u0440\u043e\u0435\u0437\u0434\u0430 \u043d\u0430 \u0442\u0430\u043a\u0441\u0438 \u0438\u0437 \u0446\u0435\u043d\u0442\u0440\u0430 \u041a\u0430\u0439\u0441\u0435\u0440\u0438: 250-300 TL (\u043f\u043e \u0441\u043e\u0441\u0442\u043e\u044f\u043d\u0438\u044e \u043d\u0430 \u0438\u044e\u043b\u044c 2025 \u0433\u043e\u0434\u0430).<br \/>\n- \u041f\u0440\u0435\u0434\u043e\u0441\u0442\u0430\u0432\u043b\u044f\u0435\u0442\u0441\u044f \u0447\u0430\u0441\u0442\u043d\u044b\u0439 \u0442\u0440\u0430\u043d\u0441\u0444\u0435\u0440 \u0438\u0437 \u0430\u044d\u0440\u043e\u043f\u043e\u0440\u0442\u0430 \u0438 \u043e\u0442\u0435\u043b\u0435\u0439.<\/p>\n<p>\t\t\t\t<\/div>\n\t\t\t\t\t<\/div>\n\n\t\t\t\t\t<\/div>\n\t\t<\/div>\n\n\t\t\t\t\t<div class=\"info-box-wrapper\">\n\t\t\t\t<div id=\"wd-689dc51dd233b\" class=\"wd-rs-689dc51dd233b wd-info-box wd-wpb text-left box-icon-align-left box-style- color-scheme- wd-bg-none wd-items-middle\">\n\t\t\t\t\t\t\t\t\t\t\t<div class=\"box-icon-wrapper  box-with-icon box-icon-simple\">\n\t\t\t\t\t\t\t<div class=\"info-box-icon\">\n\n\t\t\t\t\t\t\t\n\t\t\t\t\t\t\t\t\t\t\t\t\t\t\t\t\t<div class=\"info-svg-wrapper\" style=\"width: 40px;height: 40px;\"><img decoding=\"async\"  src=\"https:\/\/kapexfair.com\/wp-content\/uploads\/2025\/08\/map-location-dot-solid.svg\" title=\"map-location-dot-solid\" loading=\"lazy\" width=\"40\" height=\"40\"><\/div>\t\t\t\t\t\t\t\t\t\t\t\t\t\t\t\n\t\t\t\t\t\t\t<\/div>\n\t\t\t\t\t\t<\/div>\n\t\t\t\t\t\t\t\t\t\t<div class=\"info-box-content\">\n\t\t\t\t\t\t<h4 class=\"info-box-title title box-title-style-default wd-fontsize-xl\">\u041c\u0435\u0436\u0434\u0443\u043d\u0430\u0440\u043e\u0434\u043d\u044b\u0439 \u0432\u044b\u0441\u0442\u0430\u0432\u043e\u0447\u043d\u044b\u0439 \u0446\u0435\u043d\u0442\u0440 \u041a\u0430\u0439\u0441\u0435\u0440\u0438 OSB<\/h4>\t\t\t\t\t\t<div class=\"info-box-inner reset-last-child\"><\/div>\n\n\t\t\t\t\t\t\t\t\t\t\t<\/div>\n\n\t\t\t\t\t\n\t\t\t\t\t\t\t\t\t<\/div>\n\t\t\t<\/div>\n\t\t<\/div><\/div><\/div><\/div><div class=\"vc_row wpb_row vc_row-fluid\"><div class=\"wpb_column vc_column_container vc_col-sm-12\"><div class=\"vc_column-inner\"><div class=\"wpb_wrapper\">\n\t<div class=\"wpb_raw_code wpb_raw_html wpb_content_element\" >\n\t\t<div class=\"wpb_wrapper\">\n\t\t\t<iframe src=\"https:\/\/www.google.com\/maps\/embed?pb=!1m18!1m12!1m3!1d2849.09853560965!2d35.37493250000001!3d38.7286283!2m3!1f0!2f0!3f0!3m2!1i1024!2i768!4f13.1!3m3!1m2!1s0x152b0500a262dd3b%3A0xaea212e0fe32c582!2sKayseri%20organize%20sanayi%20b%C3%B6lgesi%20fuar%20ve%20kongre%20merkezi!5e1!3m2!1str!2str!4v1755011755977!5m2!1str!2str\" width=\"100%\" height=\"450\" style=\"border:0;\" allowfullscreen=\"\" loading=\"lazy\" referrerpolicy=\"no-referrer-when-downgrade\"><\/iframe>\n\t\t<\/div>\n\t<\/div>\n<\/div><\/div><\/div><\/div>\n<\/div>","protected":false},"excerpt":{"rendered":"\u00d6zel Ara\u00e7 Toplu Ta\u015f\u0131ma Havayolu Demiryolu Taksi veya \u00d6zel Transfer \u2022 Fuar alan\u0131, Kayseri \u015fehir merkezine yakla\u015f\u0131k 20 dakikal\u0131k s\u00fcr\u00fc\u015f","protected":false},"author":1,"featured_media":0,"parent":0,"menu_order":0,"comment_status":"closed","ping_status":"closed","template":"","meta":{"footnotes":""},"class_list":["post-265","page","type-page","status-publish","hentry"],"_links":{"self":[{"href":"https:\/\/kapexfair.com\/ru\/wp-json\/wp\/v2\/pages\/265","targetHints":{"allow":["GET"]}}],"collection":[{"href":"https:\/\/kapexfair.com\/ru\/wp-json\/wp\/v2\/pages"}],"about":[{"href":"https:\/\/kapexfair.com\/ru\/wp-json\/wp\/v2\/types\/page"}],"author":[{"embeddable":true,"href":"https:\/\/kapexfair.com\/ru\/wp-json\/wp\/v2\/users\/1"}],"replies":[{"embeddable":true,"href":"https:\/\/kapexfair.com\/ru\/wp-json\/wp\/v2\/comments?post=265"}],"version-history":[{"count":0,"href":"https:\/\/kapexfair.com\/ru\/wp-json\/wp\/v2\/pages\/265\/revisions"}],"wp:attachment":[{"href":"https:\/\/kapexfair.com\/ru\/wp-json\/wp\/v2\/media?parent=265"}],"curies":[{"name":"wp","href":"https:\/\/api.w.org\/{rel}","templated":true}]}}