{"id":463,"date":"2026-01-19T15:30:05","date_gmt":"2026-01-19T15:30:05","guid":{"rendered":"https:\/\/kapexfair.com\/?page_id=463"},"modified":"2026-01-19T15:32:23","modified_gmt":"2026-01-19T15:32:23","slug":"haberler","status":"publish","type":"page","link":"https:\/\/kapexfair.com\/ar\/haberler\/","title":{"rendered":"\u0627\u0644\u0623\u062e\u0628\u0627\u0631"},"content":{"rendered":"<div class=\"wpb-content-wrapper\"><div class=\"vc_row wpb_row vc_row-fluid\"><div class=\"wpb_column vc_column_container vc_col-sm-12\"><div class=\"vc_column-inner\"><div class=\"wpb_wrapper\">\n\t<div class=\"wpb_text_column wpb_content_element\" >\n\t\t<div class=\"wpb_wrapper\">\n\t\t\t<h2><strong>\u0645\u0639\u0631\u0636 \u0643\u0627\u0628\u0643\u0633 - <\/strong><strong>\u062d\u0635\u0644 \u0639\u0644\u0649 \u062f\u0639\u0645 \u0648\u0632\u0627\u0631\u0629 \u0627\u0644\u062a\u062c\u0627\u0631\u0629.<\/strong><\/h2>\n<p>\u0648\u0627\u062d\u062f \u0645\u0646 \u0623\u0647\u0645 \u0627\u0644\u0627\u062c\u062a\u0645\u0627\u0639\u0627\u062a \u0627\u0644\u0642\u0637\u0627\u0639\u064a\u0629 \u0641\u064a \u062a\u0631\u0643\u064a\u0627 \u0641\u064a \u0645\u062c\u0627\u0644 \u0627\u0644\u0623\u0628\u0648\u0627\u0628 \u0648\u0627\u0644\u0646\u0648\u0627\u0641\u0630 \u0648\u0627\u0644\u0625\u0643\u0633\u0633\u0648\u0627\u0631\u0627\u062a \u0648\u0627\u0644\u062a\u0642\u0646\u064a\u0627\u062a \u0630\u0627\u062a \u0627\u0644\u0635\u0644\u0629\u00a0<strong>\u0645\u0639\u0631\u0636 \u0643\u0627\u0628\u0643\u0633<\/strong>\u0641\u064a \u0639\u0627\u0645 2026.\u00a0<strong>\u0627\u0644\u0645\u0639\u0627\u0631\u0636 \u0627\u0644\u0642\u0637\u0627\u0639\u064a\u0629 \u0627\u0644\u0645\u062d\u0644\u064a\u0629 \u0627\u0644\u0645\u0634\u0645\u0648\u0644\u0629 \u0641\u064a \u0646\u0637\u0627\u0642 \u0627\u0644\u062f\u0639\u0645 \u0627\u0644\u0645\u0642\u062f\u0645 \u0645\u0646 \u0648\u0632\u0627\u0631\u0629 \u0627\u0644\u062a\u062c\u0627\u0631\u0629<\/strong>\u00a0\u0645\u0646 \u0628\u064a\u0646\u0647\u0645.<\/p>\n<p>\u0641\u064a \u0647\u0630\u0627 \u0627\u0644\u0633\u064a\u0627\u0642\u060c \u062a\u0642\u0648\u0645 \u0627\u0644\u0634\u0631\u0643\u0627\u062a \u0627\u0644\u0645\u0634\u0627\u0631\u0643\u0629 \u0641\u064a \u0645\u0639\u0631\u0636 \u0643\u0627\u0628\u0643\u0633\u060c \u0641\u064a \u0625\u0637\u0627\u0631 \u0627\u0644\u0625\u062c\u0631\u0627\u0621\u0627\u062a \u0648\u0627\u0644\u0645\u0628\u0627\u062f\u0626 \u0627\u0644\u0645\u0646\u0635\u0648\u0635 \u0639\u0644\u064a\u0647\u0627 \u0641\u064a \u0627\u0644\u062a\u0634\u0631\u064a\u0639\u0627\u062a\u060c \u0628\u0645\u0627 \u064a\u0644\u064a <strong>\u0627\u0644\u062f\u0639\u0645 \u0627\u0644\u0639\u0627\u062f\u0644 \u0627\u0644\u0645\u062d\u0644\u064a<\/strong>\u064a\u0645\u0643\u0646 \u0623\u0646 \u062a\u0633\u062a\u0641\u064a\u062f \u0645\u0646<\/p>\n<p>\u062a\u0645\u0643\u0651\u0646 \u0622\u0644\u064a\u0629 \u0627\u0644\u062f\u0639\u0645 \u0647\u0630\u0647 \u0627\u0644\u062a\u064a \u062a\u0642\u062f\u0645\u0647\u0627 \u0627\u0644\u0648\u0632\u0627\u0631\u0629 \u0627\u0644\u0639\u0627\u0631\u0636\u064a\u0646 \u0645\u0646 \u0625\u062f\u0627\u0631\u0629 \u062a\u0643\u0627\u0644\u064a\u0641\u0647\u0645 \u0623\u062b\u0646\u0627\u0621 \u0639\u0645\u0644\u064a\u0629 \u0627\u0644\u0645\u0634\u0627\u0631\u0643\u0629 \u0641\u064a \u0627\u0644\u0645\u0639\u0631\u0636 \u0628\u0634\u0643\u0644 \u0623\u0643\u062b\u0631 \u0643\u0641\u0627\u0621\u0629 \u0648\u062a\u062e\u0637\u064a\u0637 \u0623\u0646\u0634\u0637\u062a\u0647\u0645 \u0627\u0644\u062a\u0631\u0648\u064a\u062c\u064a\u0629 \u0648\u0627\u0644\u062a\u0633\u0648\u064a\u0642\u064a\u0629 \u0628\u0634\u0643\u0644 \u0623\u0642\u0648\u0649.<\/p>\n<p>\u064a\u064f\u0638\u0647\u0631 \u0625\u062f\u0631\u0627\u062c \u0645\u0639\u0631\u0636 \u0643\u0627\u0628\u0643\u0633 \u0636\u0645\u0646 \u0646\u0637\u0627\u0642 \u0627\u0644\u062f\u0639\u0645 \u0623\u0646 \u0645\u0633\u0627\u0647\u0645\u0629 \u0627\u0644\u0645\u0639\u0631\u0636 \u0641\u064a \u062a\u0646\u0645\u064a\u0629 \u0627\u0644\u0642\u0637\u0627\u0639 \u0628\u0637\u0628\u064a\u0639\u062a\u0647 \u0627\u0644\u0642\u0637\u0627\u0639\u064a\u0629 \u0648\u0625\u0646\u062a\u0627\u062c\u0647 \u0648\u0647\u064a\u0643\u0644\u0647 \u0627\u0644\u0645\u0648\u062c\u0647 \u0646\u062d\u0648 \u0627\u0644\u062a\u0635\u062f\u064a\u0631 \u0645\u0639\u062a\u0631\u0641 \u0628\u0647\u0627 \u0623\u064a\u0636\u0627\u064b \u0645\u0646 \u0642\u0628\u0644 \u0627\u0644\u062c\u0645\u0647\u0648\u0631.<\/p>\n<p><strong>\u0644\u0645\u0627\u0630\u0627 \u0645\u0639\u0631\u0636 \u0643\u0627\u0628\u0643\u0633\u061f<\/strong><\/p>\n<p>\u0645\u0639\u0631\u0636 KApex\u061b \u064a\u0639\u0645\u0644 \u0641\u064a \u0645\u062c\u0627\u0644 \u0627\u0644\u0623\u0628\u0648\u0627\u0628 \u0648\u0627\u0644\u0646\u0648\u0627\u0641\u0630 \u0648\u0645\u0643\u0648\u0646\u0627\u062a \u0627\u0644\u0628\u0646\u0627\u0621 \u0648\u0627\u0644\u062a\u0642\u0646\u064a\u0627\u062a \u0630\u0627\u062a \u0627\u0644\u0635\u0644\u0629<br \/>\n\u0645\u0646 \u062e\u0644\u0627\u0644 \u0627\u0644\u062c\u0645\u0639 \u0628\u064a\u0646 \u0627\u0644\u0645\u0635\u0646\u0639\u064a\u0646 \u0648\u0627\u0644\u0645\u0648\u0631\u062f\u064a\u0646 \u0648\u0627\u0644\u0645\u0634\u062a\u0631\u064a\u0646 \u0648\u0627\u0644\u0645\u062a\u062e\u0635\u0635\u064a\u0646 \u0641\u064a \u0647\u0630\u0627 \u0627\u0644\u0642\u0637\u0627\u0639<br \/>\n\u064a\u0648\u0641\u0631 \u0645\u0646\u0635\u0629 \u062a\u062c\u0627\u0631\u064a\u0629 \u0648\u062a\u0631\u0648\u064a\u062c\u064a\u0629 \u0642\u0648\u064a\u0629 \u0644\u0644\u0639\u0627\u0631\u0636\u064a\u0646.<\/p>\n<p>\u0645\u0646 \u062e\u0644\u0627\u0644 \u0627\u0644\u0645\u0634\u0627\u0631\u0643\u0629 \u0641\u064a \u0645\u0639\u0631\u0636 \u0643\u0627\u0628\u0643\u0633<\/p>\n<ul>\n<li>\u064a\u0645\u0643\u0646 \u0623\u0646 \u064a\u0632\u064a\u062f \u0645\u0646 \u0627\u0644\u0648\u0639\u064a \u0628\u0639\u0644\u0627\u0645\u062a\u0643 \u0627\u0644\u062a\u062c\u0627\u0631\u064a\u0629,<\/li>\n<li>\u064a\u0645\u0643\u0646 \u0625\u062c\u0631\u0627\u0621 \u0627\u062a\u0635\u0627\u0644\u0627\u062a \u062a\u062c\u0627\u0631\u064a\u0629 \u062c\u062f\u064a\u062f\u0629,<\/li>\n<li>\u064a\u0645\u0643\u0646 \u0623\u0646 \u062a\u0648\u0633\u0639 \u0634\u0628\u0643\u0629 \u0639\u0645\u0644\u0627\u0626\u0643 \u0627\u0644\u062d\u0627\u0644\u064a\u0629,<\/li>\n<li>\u0631\u0648\u0651\u062c \u0644\u0645\u0646\u062a\u062c\u0627\u062a\u0643 \u0648\u062d\u0644\u0648\u0644\u0643 \u0645\u0628\u0627\u0634\u0631\u0629\u064b \u0644\u062c\u0645\u0647\u0648\u0631\u0643 \u0627\u0644\u0645\u0633\u062a\u0647\u062f\u0641,<\/li>\n<li>\u0648\u0643\u0644 \u0647\u0630\u0647 \u0627\u0644\u0639\u0645\u0644\u064a\u0627\u062a\u00a0<strong>\u0627\u0644\u0645\u0632\u0627\u064a\u0627 \u0627\u0644\u062a\u064a \u062a\u0642\u062f\u0645\u0647\u0627 \u0622\u0644\u064a\u0629 \u062f\u0639\u0645 \u0648\u0632\u0627\u0631\u0629 \u0627\u0644\u062a\u062c\u0627\u0631\u0629<\/strong>\u00a0\u0641\u064a \u0627\u0644\u0625\u0637\u0627\u0631.<\/li>\n<\/ul>\n<p>\u0645\u0639\u0644\u0648\u0645\u0627\u062a \u0639\u0646 \u0639\u0645\u0644\u064a\u0629 \u0627\u0644\u062f\u0639\u0645 \u0648\u062a\u0641\u0627\u0635\u064a\u0644 \u0627\u0644\u0637\u0644\u0628, <strong>\u0627\u0644\u0645\u0648\u0642\u0639 \u0627\u0644\u0631\u0633\u0645\u064a \u0644\u0648\u0632\u0627\u0631\u0629 \u0627\u0644\u062a\u062c\u0627\u0631\u0629 \u0628\u062c\u0645\u0647\u0648\u0631\u064a\u0629 \u062a\u0631\u0643\u064a\u0627 \u0639\u0644\u0649 \u0627\u0644\u0625\u0646\u062a\u0631\u0646\u062a<\/strong>\u00a0\u0648 <strong>\u0646\u0638\u0627\u0645 \u0625\u062f\u0627\u0631\u0629 \u0627\u0644\u062f\u0639\u0645 (DYS)<\/strong>\u00a0\u064a\u0645\u0643\u0646\u0643 \u0627\u0644\u062a\u0648\u0627\u0635\u0644 \u0645\u0639\u0646\u0627 \u0639\u0628\u0631<\/p>\n<p><strong>\u0627\u062d\u062c\u0632 \u062c\u0646\u0627\u062d\u0643 \u0627\u0644\u0622\u0646,<br \/>\n<\/strong>\u0643\u0646 \u062c\u0632\u0621\u0627\u064b \u0645\u0646 \u0647\u0630\u0647 \u0627\u0644\u0641\u0631\u0635\u0629 \u0627\u0644\u0645\u0647\u0645\u0629 \u0627\u0644\u062a\u064a \u064a\u0642\u062f\u0645\u0647\u0627 \u0645\u0639\u0631\u0636 \u0643\u0627\u0628\u0643\u0633.<\/p>\n\n\t\t<\/div>\n\t<\/div>\n<\/div><\/div><\/div><\/div>\n<\/div>","protected":false},"excerpt":{"rendered":"Kapex Fuar\u0131 \u2013 Ticaret Bakanl\u0131\u011f\u0131 deste\u011fini arkas\u0131na ald\u0131. T\u00fcrkiye\u2019nin kap\u0131, pencere, aksesuar ve ilgili teknolojiler alan\u0131ndaki \u00f6nemli sekt\u00f6rel bulu\u015fmalar\u0131ndan biri","protected":false},"author":1,"featured_media":0,"parent":0,"menu_order":0,"comment_status":"closed","ping_status":"closed","template":"","meta":{"footnotes":""},"class_list":["post-463","page","type-page","status-publish","hentry"],"_links":{"self":[{"href":"https:\/\/kapexfair.com\/ar\/wp-json\/wp\/v2\/pages\/463","targetHints":{"allow":["GET"]}}],"collection":[{"href":"https:\/\/kapexfair.com\/ar\/wp-json\/wp\/v2\/pages"}],"about":[{"href":"https:\/\/kapexfair.com\/ar\/wp-json\/wp\/v2\/types\/page"}],"author":[{"embeddable":true,"href":"https:\/\/kapexfair.com\/ar\/wp-json\/wp\/v2\/users\/1"}],"replies":[{"embeddable":true,"href":"https:\/\/kapexfair.com\/ar\/wp-json\/wp\/v2\/comments?post=463"}],"version-history":[{"count":0,"href":"https:\/\/kapexfair.com\/ar\/wp-json\/wp\/v2\/pages\/463\/revisions"}],"wp:attachment":[{"href":"https:\/\/kapexfair.com\/ar\/wp-json\/wp\/v2\/media?parent=463"}],"curies":[{"name":"\u062f\u0628\u0644\u064a\u0648 \u0628\u064a","href":"https:\/\/api.w.org\/{rel}","templated":true}]}}