{"id":286,"date":"2025-07-30T11:55:53","date_gmt":"2025-07-30T11:55:53","guid":{"rendered":"https:\/\/kapex.websitesunum.com.tr\/?page_id=286"},"modified":"2025-07-31T12:13:42","modified_gmt":"2025-07-31T12:13:42","slug":"yardim","status":"publish","type":"page","link":"https:\/\/kapexfair.com\/ar\/yardim\/","title":{"rendered":"\u0627\u0644\u0645\u0633\u0627\u0639\u062f\u0629"},"content":{"rendered":"<div class=\"wpb-content-wrapper\"><div id=\"soru\" class=\"vc_row wpb_row vc_row-fluid wd-rs-6877912fe5f3f\"><div class=\"wpb_column vc_column_container vc_col-sm-12\"><div class=\"vc_column-inner\"><div class=\"wpb_wrapper\">\n\t\t<div id=\"wd-688a0c0b28b24\" class=\"title-wrapper wd-wpb wd-set-mb reset-last-child  wd-animation-slide-from-right wd-animation-normal wd_delay_200 wd-rs-688a0c0b28b24 wd-title-color-default wd-title-style-default text-center  wd-underline-colored\">\n\t\t\t\n\t\t\t<div class=\"liner-continer\">\n\t\t\t\t<h2 class=\"woodmart-title-container title  wd-font-weight- wd-fontsize-xxxl\" >S.S.S. \u0644\u0644\u0645\u0634\u0627\u0631\u0643\u064a\u0646.<\/h2>\n\t\t\t\t\t\t\t<\/div>\n\t\t\t\n\t\t\t\n\t\t\t\n\t\t<\/div>\n\t\t\n\t\t\n\t\t<div id=\"wd-6877677af227b\" class=\"wd-accordion wd-wpb wd-animation-slide-from-right wd-animation-normal wd_delay_200 wd-rs-6877677af227b  wd-style-default wd-titles-left wd-opener-pos-left wd-opener-style-arrow\" data-state=\"all_closed\">\n\t\t\t\t\t\t\t\n\t\t\t\t\n\t\t\t\t<div class=\"wd-accordion-item\">\n\t\t\t\t\t<div class=\"wd-accordion-title font-primary wd-fontsize-l wd-font-weight-600\" data-accordion-index=\"0\">\n\t\t\t\t\t\t<div class=\"wd-accordion-title-text\">\n\t\t\t\t\t\t\t\t\t\t\t\t\t\t<span>\n\t\t\t\t\t\t\t\t\u0643\u064a\u0641 \u064a\u0645\u0643\u0646\u0646\u064a \u0627\u0644\u062a\u0642\u062f\u0645 \u0628\u0637\u0644\u0628 \u0644\u0644\u0645\u0634\u0627\u0631\u0643\u0629 \u0641\u064a \u0645\u0639\u0631\u0636 KAPEX&#039;s\t\t\t\t\t\t\t<\/span>\n\t\t\t\t\t\t<\/div>\n\t\t\t\t\t\t<span class=\"wd-accordion-opener\"><\/span>\n\t\t\t\t\t<\/div>\n\n\t\t\t\t\t<div class=\"wd-accordion-content wd-entry-content wd-fontsize-m\" data-accordion-index=\"0\">\n\t\t\t\t\t\t\t\t\t\t\t\t\t<p>\u0625\u0630\u0627 \u0643\u0646\u062a \u062a\u0631\u063a\u0628 \u0641\u064a \u0639\u0631\u0636 \u0645\u0646\u062a\u062c\u0627\u062a\u0643 \u0623\u0648 \u062e\u062f\u0645\u0627\u062a\u0643 \u0641\u064a \u0645\u0639\u0631\u0636 KAPEX\u060c \u0641\u0633\u064a\u062a\u0645 \u062a\u0641\u0639\u064a\u0644 \u0637\u0644\u0628\u0643 \u0639\u0646 \u0637\u0631\u064a\u0642 \u0645\u0644\u0621 \"\u0646\u0645\u0648\u0630\u062c \u0627\u0644\u0639\u0627\u0631\u0636\" \u0639\u0644\u0649 \u0627\u0644\u0645\u0648\u0642\u0639 \u0627\u0644\u0625\u0644\u0643\u062a\u0631\u0648\u0646\u064a. \u064a\u062c\u0628 \u0623\u0646 \u062a\u0643\u0648\u0646 \u0645\u0639\u0644\u0648\u0645\u0627\u062a\u0643 \u0635\u062d\u064a\u062d\u0629 \u0648\u0643\u0627\u0645\u0644\u0629\u060c \u0648\u0633\u064a\u0642\u0648\u0645 \u0641\u0631\u064a\u0642 \u0627\u0644\u0645\u0628\u064a\u0639\u0627\u062a \u0644\u062f\u064a\u0646\u0627 \u0628\u0627\u0644\u0627\u062a\u0635\u0627\u0644 \u0628\u0643 \u0641\u064a \u0623\u0642\u0631\u0628 \u0648\u0642\u062a \u0645\u0645\u0643\u0646.<\/p>\n\t\t\t\t\t\t\t\t\t\t\t<\/div>\n\t\t\t\t<\/div>\n\t\t\t\t\t\t\t\n\t\t\t\t\n\t\t\t\t<div class=\"wd-accordion-item\">\n\t\t\t\t\t<div class=\"wd-accordion-title font-primary wd-fontsize-l wd-font-weight-600\" data-accordion-index=\"1\">\n\t\t\t\t\t\t<div class=\"wd-accordion-title-text\">\n\t\t\t\t\t\t\t\t\t\t\t\t\t\t<span>\n\t\t\t\t\t\t\t\t\u0623\u064a\u0646 \u064a\u0645\u0643\u0646\u0646\u064a \u0627\u0644\u0639\u062b\u0648\u0631 \u0639\u0644\u0649 \u0645\u0639\u0644\u0648\u0645\u0627\u062a \u0645\u0641\u0635\u0644\u0629 \u0639\u0646 \u0627\u0644\u0645\u0646\u062a\u062c\u0627\u062a \u0627\u0644\u062a\u064a \u0633\u064a\u062a\u0645 \u0639\u0631\u0636\u0647\u0627\u061f\t\t\t\t\t\t\t<\/span>\n\t\t\t\t\t\t<\/div>\n\t\t\t\t\t\t<span class=\"wd-accordion-opener\"><\/span>\n\t\t\t\t\t<\/div>\n\n\t\t\t\t\t<div class=\"wd-accordion-content wd-entry-content wd-fontsize-m\" data-accordion-index=\"1\">\n\t\t\t\t\t\t\t\t\t\t\t\t\t<p>\u064a\u0645\u0643\u0646\u0643 \u0627\u0644\u0627\u0637\u0644\u0627\u0639 \u0639\u0644\u0649 \u0645\u062c\u0645\u0648\u0639\u0627\u062a \u0627\u0644\u0645\u0646\u062a\u062c\u0627\u062a \u0627\u0644\u062a\u064a \u0633\u064a\u062a\u0645 \u0639\u0631\u0636\u0647\u0627 \u0641\u064a \u0645\u0639\u0631\u0636 KAPEX \u0641\u064a \u0642\u0633\u0645 \"\u0645\u062c\u0645\u0648\u0639\u0627\u062a \u0627\u0644\u0645\u0646\u062a\u062c\u0627\u062a\" \u0639\u0644\u0649 \u0627\u0644\u0645\u0648\u0642\u0639 \u0627\u0644\u0625\u0644\u0643\u062a\u0631\u0648\u0646\u064a.<\/p>\n\t\t\t\t\t\t\t\t\t\t\t<\/div>\n\t\t\t\t<\/div>\n\t\t\t\t\t\t\t\n\t\t\t\t\n\t\t\t\t<div class=\"wd-accordion-item\">\n\t\t\t\t\t<div class=\"wd-accordion-title font-primary wd-fontsize-l wd-font-weight-600\" data-accordion-index=\"2\">\n\t\t\t\t\t\t<div class=\"wd-accordion-title-text\">\n\t\t\t\t\t\t\t\t\t\t\t\t\t\t<span>\n\t\t\t\t\t\t\t\t\u0643\u064a\u0641 \u064a\u0645\u0643\u0646\u0646\u064a \u0631\u0624\u064a\u0629 \u0645\u062e\u0637\u0637 \u0627\u0644\u062a\u062e\u0637\u064a\u0637\u061f\t\t\t\t\t\t\t<\/span>\n\t\t\t\t\t\t<\/div>\n\t\t\t\t\t\t<span class=\"wd-accordion-opener\"><\/span>\n\t\t\t\t\t<\/div>\n\n\t\t\t\t\t<div class=\"wd-accordion-content wd-entry-content wd-fontsize-m\" data-accordion-index=\"2\">\n\t\t\t\t\t\t\t\t\t\t\t\t\t<p>\u064a\u0645\u0643\u0646\u0643 \u0637\u0644\u0628 \u062e\u0637\u0629 \u0623\u0631\u0636 \u0627\u0644\u0645\u0639\u0627\u0631\u0636 \"\u062e\u0637\u0629 \u0627\u0644\u062a\u062e\u0637\u064a\u0637\" \u0645\u0646 \u0641\u0631\u064a\u0642 \u0627\u0644\u0645\u0628\u064a\u0639\u0627\u062a \u0644\u062f\u064a\u0646\u0627. \u064a\u0645\u0643\u0646\u0643 \u0632\u064a\u0627\u0631\u0629 \u0635\u0641\u062d\u0629 \u0627\u0644\u0627\u062a\u0635\u0627\u0644 \u0628\u0646\u0627 \u0644\u0644\u0648\u0635\u0648\u0644 \u0625\u0644\u0649 \u0641\u0631\u064a\u0642 \u0627\u0644\u0645\u0628\u064a\u0639\u0627\u062a \u0644\u062f\u064a\u0646\u0627.<\/p>\n\t\t\t\t\t\t\t\t\t\t\t<\/div>\n\t\t\t\t<\/div>\n\t\t\t\t\t\t\t\n\t\t\t\t\n\t\t\t\t<div class=\"wd-accordion-item\">\n\t\t\t\t\t<div class=\"wd-accordion-title font-primary wd-fontsize-l wd-font-weight-600\" data-accordion-index=\"3\">\n\t\t\t\t\t\t<div class=\"wd-accordion-title-text\">\n\t\t\t\t\t\t\t\t\t\t\t\t\t\t<span>\n\t\t\t\t\t\t\t\t\u0643\u064a\u0641 \u064a\u0645\u0643\u0646\u0646\u064a \u0627\u062e\u062a\u064a\u0627\u0631 \u0645\u0648\u0642\u0639 \u0645\u0646\u0635\u062a\u064a\u061f\t\t\t\t\t\t\t<\/span>\n\t\t\t\t\t\t<\/div>\n\t\t\t\t\t\t<span class=\"wd-accordion-opener\"><\/span>\n\t\t\t\t\t<\/div>\n\n\t\t\t\t\t<div class=\"wd-accordion-content wd-entry-content wd-fontsize-m\" data-accordion-index=\"3\">\n\t\t\t\t\t\t\t\t\t\t\t\t\t<p>\u0628\u0627\u0644\u062a\u0639\u0627\u0648\u0646 \u0645\u0639 \u0645\u0646\u062f\u0648\u0628 \u0627\u0644\u0645\u0628\u064a\u0639\u0627\u062a \u0627\u0644\u062e\u0627\u0635 \u0628\u0643\u060c \u064a\u0645\u0643\u0646\u0643 \u062a\u062e\u0637\u064a\u0637 \u0645\u0633\u0627\u062d\u0629 \u0627\u0644\u0645\u0646\u0635\u0629 \u0627\u0644\u0645\u0646\u0627\u0633\u0628\u0629 \u0648\u0641\u0642\u0627\u064b \u0644\u0627\u062d\u062a\u064a\u0627\u062c\u0627\u062a\u0643. \u064a\u062a\u0645 \u062a\u0648\u062c\u064a\u0647 \u0627\u0644\u0639\u0645\u0644\u064a\u0629 \u0628\u0631\u0645\u062a\u0647\u0627 \u0645\u0646 \u0642\u0628\u0644 \u0641\u0631\u064a\u0642 \u0627\u0644\u0645\u0628\u064a\u0639\u0627\u062a \u0627\u0644\u0645\u0639\u062a\u0645\u062f.<\/p>\n\t\t\t\t\t\t\t\t\t\t\t<\/div>\n\t\t\t\t<\/div>\n\t\t\t\t\t\t\t\n\t\t\t\t\n\t\t\t\t<div class=\"wd-accordion-item\">\n\t\t\t\t\t<div class=\"wd-accordion-title font-primary wd-fontsize-l wd-font-weight-600\" data-accordion-index=\"4\">\n\t\t\t\t\t\t<div class=\"wd-accordion-title-text\">\n\t\t\t\t\t\t\t\t\t\t\t\t\t\t<span>\n\t\t\t\t\t\t\t\t\u0645\u0627 \u0647\u064a \u0627\u0644\u062a\u0648\u0627\u0631\u064a\u062e \u0648\u0627\u0644\u0623\u0648\u0642\u0627\u062a \u0627\u0644\u062a\u064a \u0633\u064a\u0641\u062a\u062d \u0641\u064a\u0647\u0627 \u0627\u0644\u0645\u0639\u0631\u0636 \u0623\u0628\u0648\u0627\u0628\u0647\u061f\t\t\t\t\t\t\t<\/span>\n\t\t\t\t\t\t<\/div>\n\t\t\t\t\t\t<span class=\"wd-accordion-opener\"><\/span>\n\t\t\t\t\t<\/div>\n\n\t\t\t\t\t<div class=\"wd-accordion-content wd-entry-content wd-fontsize-m\" data-accordion-index=\"4\">\n\t\t\t\t\t\t\t\t\t\t\t\t\t<p>- 10 \u0633\u0628\u062a\u0645\u0628\u0631 2025\u060c 10:00 - 18:00<br \/>\n- 11 \u0633\u0628\u062a\u0645\u0628\u0631 2025\u060c 11 \u0633\u0628\u062a\u0645\u0628\u0631 2025\u060c \u0627\u0644\u0633\u0627\u0639\u0629 09:00 - 18:00<br \/>\n- 12 \u0633\u0628\u062a\u0645\u0628\u0631 2025\u060c \u0627\u0644\u0633\u0627\u0639\u0629 09:00 - 18:00 \u0645\u0633\u0627\u0621\u064b<br \/>\n- 13 \u0633\u0628\u062a\u0645\u0628\u0631 2025\u060c 09:00 - 17:00<\/p>\n\t\t\t\t\t\t\t\t\t\t\t<\/div>\n\t\t\t\t<\/div>\n\t\t\t\t\t\t\t\n\t\t\t\t\n\t\t\t\t<div class=\"wd-accordion-item\">\n\t\t\t\t\t<div class=\"wd-accordion-title font-primary wd-fontsize-l wd-font-weight-600\" data-accordion-index=\"5\">\n\t\t\t\t\t\t<div class=\"wd-accordion-title-text\">\n\t\t\t\t\t\t\t\t\t\t\t\t\t\t<span>\n\t\t\t\t\t\t\t\t\u0647\u0644 \u064a\u0648\u062c\u062f \u062f\u0639\u0645 \u0644\u062a\u0635\u0645\u064a\u0645 \u0627\u0644\u062d\u0627\u0645\u0644\u061f\t\t\t\t\t\t\t<\/span>\n\t\t\t\t\t\t<\/div>\n\t\t\t\t\t\t<span class=\"wd-accordion-opener\"><\/span>\n\t\t\t\t\t<\/div>\n\n\t\t\t\t\t<div class=\"wd-accordion-content wd-entry-content wd-fontsize-m\" data-accordion-index=\"5\">\n\t\t\t\t\t\t\t\t\t\t\t\t\t<p>\u0625\u0630\u0627 \u0643\u0646\u062a \u062a\u0631\u063a\u0628 \u0641\u064a \u0630\u0644\u0643\u060c \u064a\u0645\u0643\u0646\u0643 \u0627\u0644\u0627\u062e\u062a\u064a\u0627\u0631 \u0645\u0646 \u0628\u064a\u0646 \u062e\u062f\u0645\u0627\u062a \u0625\u0639\u062f\u0627\u062f \u0648\u062a\u0635\u0645\u064a\u0645 \u0627\u0644\u0645\u0642\u0635\u0648\u0631\u0629 \u0627\u0644\u062a\u064a \u062a\u0642\u062f\u0645\u0647\u0627 KAPEX. \u064a\u0645\u0643\u0646\u0643 \u0627\u0644\u0627\u062a\u0635\u0627\u0644 \u0628\u0641\u0631\u064a\u0642 \u0627\u0644\u0645\u0628\u064a\u0639\u0627\u062a \u0644\u062f\u064a\u0646\u0627 \u0644\u0647\u0630\u0627 \u0627\u0644\u063a\u0631\u0636.<\/p>\n\t\t\t\t\t\t\t\t\t\t\t<\/div>\n\t\t\t\t<\/div>\n\t\t\t\t\t\t\t\n\t\t\t\t\n\t\t\t\t<div class=\"wd-accordion-item\">\n\t\t\t\t\t<div class=\"wd-accordion-title font-primary wd-fontsize-l wd-font-weight-600\" data-accordion-index=\"6\">\n\t\t\t\t\t\t<div class=\"wd-accordion-title-text\">\n\t\t\t\t\t\t\t\t\t\t\t\t\t\t<span>\n\t\t\t\t\t\t\t\t\u0643\u064a\u0641 \u064a\u0645\u0643\u0646\u0646\u064a \u0632\u064a\u0627\u062f\u0629 \u0638\u0647\u0648\u0631 \u0639\u0644\u0627\u0645\u062a\u064a \u0627\u0644\u062a\u062c\u0627\u0631\u064a\u0629\u061f\t\t\t\t\t\t\t<\/span>\n\t\t\t\t\t\t<\/div>\n\t\t\t\t\t\t<span class=\"wd-accordion-opener\"><\/span>\n\t\t\t\t\t<\/div>\n\n\t\t\t\t\t<div class=\"wd-accordion-content wd-entry-content wd-fontsize-m\" data-accordion-index=\"6\">\n\t\t\t\t\t\t\t\t\t\t\t\t\t<p>\u064a\u0645\u0643\u0646\u0643 \u0634\u0631\u0627\u0621 \u0627\u0644\u062d\u0644\u0648\u0644 \u0627\u0644\u0625\u0639\u0644\u0627\u0646\u064a\u0629 \u0648\u062e\u062f\u0645\u0627\u062a \u0627\u0644\u0631\u0639\u0627\u064a\u0629 \u0648\u0627\u0644\u0645\u062d\u062a\u0648\u0649 \u0627\u0644\u0625\u0639\u0644\u0627\u0645\u064a \u0641\u064a \u0627\u0644\u0645\u0639\u0631\u0636 \u0648\u0627\u0644\u0648\u0633\u0627\u0626\u0637 \u0627\u0644\u0631\u0642\u0645\u064a\u0629. \u064a\u0648\u0635\u0649 \u0628\u0627\u0628\u062a\u0643\u0627\u0631 \u062a\u062c\u0631\u0628\u0629 \u062c\u0646\u0627\u062d \u0631\u0627\u0626\u0639 \u0645\u0639 \u0645\u062d\u062a\u0648\u0649 \u0645\u0631\u0626\u064a\/\u0641\u064a\u062f\u064a\u0648.<\/p>\n\t\t\t\t\t\t\t\t\t\t\t<\/div>\n\t\t\t\t<\/div>\n\t\t\t\t\t\t\t\n\t\t\t\t\n\t\t\t\t<div class=\"wd-accordion-item\">\n\t\t\t\t\t<div class=\"wd-accordion-title font-primary wd-fontsize-l wd-font-weight-600\" data-accordion-index=\"7\">\n\t\t\t\t\t\t<div class=\"wd-accordion-title-text\">\n\t\t\t\t\t\t\t\t\t\t\t\t\t\t<span>\n\t\t\t\t\t\t\t\t\u0647\u0644 \u062a\u0648\u062c\u062f \u062e\u064a\u0627\u0631\u0627\u062a \u0644\u0644\u0637\u0639\u0627\u0645 \u0648\u0627\u0644\u0645\u0634\u0631\u0648\u0628\u0627\u062a \u0641\u064a \u0627\u0644\u0645\u0639\u0631\u0636\u061f\t\t\t\t\t\t\t<\/span>\n\t\t\t\t\t\t<\/div>\n\t\t\t\t\t\t<span class=\"wd-accordion-opener\"><\/span>\n\t\t\t\t\t<\/div>\n\n\t\t\t\t\t<div class=\"wd-accordion-content wd-entry-content wd-fontsize-m\" data-accordion-index=\"7\">\n\t\t\t\t\t\t\t\t\t\t\t\t\t<p>\u0646\u0639\u0645\u060c \u062a\u0648\u062c\u062f \u0645\u0637\u0627\u0639\u0645 \u0648\u0645\u0642\u0627\u0647\u064a \u0648\u062e\u062f\u0645\u0627\u062a \u0627\u0644\u0648\u062c\u0628\u0627\u062a \u0627\u0644\u0633\u0631\u064a\u0639\u0629 \u062f\u0627\u062e\u0644 \u0627\u0644\u0645\u0639\u0631\u0636. \u0645\u062b\u0627\u0644\u064a\u0629 \u0644\u0623\u062e\u0630 \u0642\u0633\u0637 \u0645\u0646 \u0627\u0644\u0631\u0627\u062d\u0629 \u0623\u0648 \u062a\u062c\u0631\u0628\u0629 \u0627\u0644\u0623\u0637\u0628\u0627\u0642 \u0627\u0644\u0645\u062d\u0644\u064a\u0629.<\/p>\n\t\t\t\t\t\t\t\t\t\t\t<\/div>\n\t\t\t\t<\/div>\n\t\t\t\t\t\t\t\n\t\t\t\t\n\t\t\t\t<div class=\"wd-accordion-item\">\n\t\t\t\t\t<div class=\"wd-accordion-title font-primary wd-fontsize-l wd-font-weight-600\" data-accordion-index=\"8\">\n\t\t\t\t\t\t<div class=\"wd-accordion-title-text\">\n\t\t\t\t\t\t\t\t\t\t\t\t\t\t<span>\n\t\t\t\t\t\t\t\t\u0647\u0644 \u064a\u0648\u062c\u062f \u0645\u0648\u0642\u0641 \u0644\u0644\u0633\u064a\u0627\u0631\u0627\u062a\u061f\t\t\t\t\t\t\t<\/span>\n\t\t\t\t\t\t<\/div>\n\t\t\t\t\t\t<span class=\"wd-accordion-opener\"><\/span>\n\t\t\t\t\t<\/div>\n\n\t\t\t\t\t<div class=\"wd-accordion-content wd-entry-content wd-fontsize-m\" data-accordion-index=\"8\">\n\t\t\t\t\t\t\t\t\t\t\t\t\t<p>\u0623\u0645\u0627\u0643\u0646 \u0645\u062e\u0635\u0635\u0629 \u0644\u0631\u0643\u0646 \u0627\u0644\u0633\u064a\u0627\u0631\u0627\u062a \u0645\u0641\u062a\u0648\u062d\u0629 \u0648\u0645\u062c\u0627\u0646\u064a\u0629 \u0644\u0644\u0632\u0648\u0627\u0631 \u0648\u0627\u0644\u0639\u0627\u0631\u0636\u064a\u0646 \u0639\u0644\u0649 \u0623\u0631\u0636 \u0627\u0644\u0645\u0639\u0631\u0636 \u0648\u062d\u0648\u0644\u0647\u0627.<\/p>\n\t\t\t\t\t\t\t\t\t\t\t<\/div>\n\t\t\t\t<\/div>\n\t\t\t\t\t\t\t\n\t\t\t\t\n\t\t\t\t<div class=\"wd-accordion-item\">\n\t\t\t\t\t<div class=\"wd-accordion-title font-primary wd-fontsize-l wd-font-weight-600\" data-accordion-index=\"9\">\n\t\t\t\t\t\t<div class=\"wd-accordion-title-text\">\n\t\t\t\t\t\t\t\t\t\t\t\t\t\t<span>\n\t\t\t\t\t\t\t\t\u0645\u0627 \u0647\u064a \u0628\u062f\u0627\u0626\u0644 \u0627\u0644\u0625\u0642\u0627\u0645\u0629 \u0627\u0644\u0642\u0631\u064a\u0628\u0629 \u0645\u0646 \u0627\u0644\u0645\u0639\u0631\u0636\u061f\t\t\t\t\t\t\t<\/span>\n\t\t\t\t\t\t<\/div>\n\t\t\t\t\t\t<span class=\"wd-accordion-opener\"><\/span>\n\t\t\t\t\t<\/div>\n\n\t\t\t\t\t<div class=\"wd-accordion-content wd-entry-content wd-fontsize-m\" data-accordion-index=\"9\">\n\t\t\t\t\t\t\t\t\t\t\t\t\t<p>\u064a\u0648\u062c\u062f \u0627\u0644\u0639\u062f\u064a\u062f \u0645\u0646 \u0627\u0644\u0641\u0646\u0627\u062f\u0642 \u0648\u062f\u0648\u0631 \u0627\u0644\u0636\u064a\u0627\u0641\u0629 \u0648\u0645\u0631\u0627\u0641\u0642 \u0627\u0644\u0625\u0642\u0627\u0645\u0629 \u0641\u064a \u0627\u0644\u0645\u0646\u0627\u0637\u0642 \u0627\u0644\u0642\u0631\u064a\u0628\u0629 \u0645\u0646 \u0645\u0631\u0643\u0632 \u0627\u0644\u0645\u0639\u0627\u0631\u0636. \u0648\u062a\u0631\u062f \u0641\u064a \u0635\u0641\u062d\u0629 \"\u0627\u0644\u0625\u0642\u0627\u0645\u0629\" \u0642\u0627\u0626\u0645\u0629 \u0628\u0627\u0644\u0641\u0646\u0627\u062f\u0642 \u0627\u0644\u0645\u0648\u0635\u0649 \u0628\u0647\u0627.<\/p>\n\t\t\t\t\t\t\t\t\t\t\t<\/div>\n\t\t\t\t<\/div>\n\t\t\t\t\t\t\t\n\t\t\t\t\n\t\t\t\t<div class=\"wd-accordion-item\">\n\t\t\t\t\t<div class=\"wd-accordion-title font-primary wd-fontsize-l wd-font-weight-600\" data-accordion-index=\"10\">\n\t\t\t\t\t\t<div class=\"wd-accordion-title-text\">\n\t\t\t\t\t\t\t\t\t\t\t\t\t\t<span>\n\t\t\t\t\t\t\t\t\u0645\u062a\u0649 \u062a\u0643\u0648\u0646 \u0645\u0648\u0627\u0639\u064a\u062f \u0627\u0644\u062a\u0631\u0643\u064a\u0628 \u0648\u0627\u0644\u062a\u0641\u0643\u064a\u0643\u061f\t\t\t\t\t\t\t<\/span>\n\t\t\t\t\t\t<\/div>\n\t\t\t\t\t\t<span class=\"wd-accordion-opener\"><\/span>\n\t\t\t\t\t<\/div>\n\n\t\t\t\t\t<div class=\"wd-accordion-content wd-entry-content wd-fontsize-m\" data-accordion-index=\"10\">\n\t\t\t\t\t\t\t\t\t\t\t\t\t<p>\u064a\u0645\u0643\u0646\u0643 \u0645\u0639\u0631\u0641\u0629 \u062c\u0645\u064a\u0639 \u0627\u0644\u062a\u0641\u0627\u0635\u064a\u0644 \u0627\u0644\u0641\u0646\u064a\u0629 \u0645\u0646 \u0641\u0631\u064a\u0642 \u062f\u0639\u0645 \u0645\u0627 \u0628\u0639\u062f \u0627\u0644\u0628\u064a\u0639 \u0644\u062f\u064a\u0646\u0627. \u0648\u0647\u0648 \u0645\u0648\u062c\u0648\u062f \u0639\u0644\u0649 \u0635\u0641\u062d\u0629 \u0627\u0644\u0627\u062a\u0635\u0627\u0644.<\/p>\n\t\t\t\t\t\t\t\t\t\t\t<\/div>\n\t\t\t\t<\/div>\n\t\t\t\t\t\t\t\t\t\t\t\t\t\t<\/div>\n\n\t\t\n\t\t<div id=\"wd-688a0bee8a026\" class=\"title-wrapper wd-wpb wd-set-mb reset-last-child  wd-animation-slide-from-right wd-animation-normal wd_delay_200 wd-rs-688a0bee8a026 wd-title-color-default wd-title-style-default text-center  wd-underline-colored\">\n\t\t\t\n\t\t\t<div class=\"liner-continer\">\n\t\t\t\t<h2 class=\"woodmart-title-container title  wd-font-weight- wd-fontsize-xxxl\" >S.S.S. \u0644\u0644\u0632\u0648\u0627\u0631.<\/h2>\n\t\t\t\t\t\t\t<\/div>\n\t\t\t\n\t\t\t\n\t\t\t\n\t\t<\/div>\n\t\t\n\t\t\n\t\t<div id=\"wd-6877677af227b\" class=\"wd-accordion wd-wpb wd-animation-slide-from-right wd-animation-normal wd_delay_200 wd-rs-6877677af227b  wd-style-default wd-titles-left wd-opener-pos-left wd-opener-style-arrow\" data-state=\"all_closed\">\n\t\t\t\t\t\t\t\n\t\t\t\t\n\t\t\t\t<div class=\"wd-accordion-item\">\n\t\t\t\t\t<div class=\"wd-accordion-title font-primary wd-fontsize-l wd-font-weight-600\" data-accordion-index=\"0\">\n\t\t\t\t\t\t<div class=\"wd-accordion-title-text\">\n\t\t\t\t\t\t\t\t\t\t\t\t\t\t<span>\n\t\t\t\t\t\t\t\t\u0647\u0644 \u0647\u0646\u0627\u0643 \u0631\u0633\u0648\u0645 \u062f\u062e\u0648\u0644\u061f\t\t\t\t\t\t\t<\/span>\n\t\t\t\t\t\t<\/div>\n\t\t\t\t\t\t<span class=\"wd-accordion-opener\"><\/span>\n\t\t\t\t\t<\/div>\n\n\t\t\t\t\t<div class=\"wd-accordion-content wd-entry-content wd-fontsize-m\" data-accordion-index=\"0\">\n\t\t\t\t\t\t\t\t\t\t\t\t\t<p>\u062a\u0630\u0643\u0631\u0629 \u0627\u0644\u062f\u062e\u0648\u0644 \u0625\u0644\u0649 \u0627\u0644\u0645\u0639\u0631\u0636 \u0645\u062c\u0627\u0646\u064a\u0629 \u0644\u0645\u062d\u062a\u0631\u0641\u064a \u0627\u0644\u0635\u0646\u0627\u0639\u0629. \u0627\u0644\u062a\u0641\u0627\u0635\u064a\u0644 \u0645\u0648\u0636\u062d\u0629 \u0641\u064a \u0635\u0641\u062d\u0629 \"\u0627\u0644\u062a\u0630\u0643\u0631\u0629\".<\/p>\n\t\t\t\t\t\t\t\t\t\t\t<\/div>\n\t\t\t\t<\/div>\n\t\t\t\t\t\t\t\n\t\t\t\t\n\t\t\t\t<div class=\"wd-accordion-item\">\n\t\t\t\t\t<div class=\"wd-accordion-title font-primary wd-fontsize-l wd-font-weight-600\" data-accordion-index=\"1\">\n\t\t\t\t\t\t<div class=\"wd-accordion-title-text\">\n\t\t\t\t\t\t\t\t\t\t\t\t\t\t<span>\n\t\t\t\t\t\t\t\t\u0623\u064a\u0646 \u064a\u0645\u0643\u0646\u0646\u064a \u0627\u0644\u062d\u0635\u0648\u0644 \u0639\u0644\u0649 \u062a\u0630\u0643\u0631\u0629\u061f\t\t\t\t\t\t\t<\/span>\n\t\t\t\t\t\t<\/div>\n\t\t\t\t\t\t<span class=\"wd-accordion-opener\"><\/span>\n\t\t\t\t\t<\/div>\n\n\t\t\t\t\t<div class=\"wd-accordion-content wd-entry-content wd-fontsize-m\" data-accordion-index=\"1\">\n\t\t\t\t\t\t\t\t\t\t\t\t\t<p>\u064a\u0645\u0643\u0646\u0643 \u0645\u0644\u0621 \u0627\u0644\u0646\u0645\u0648\u0630\u062c \u0639\u0628\u0631 \u0627\u0644\u0625\u0646\u062a\u0631\u0646\u062a \u0639\u0644\u0649 \u0645\u0648\u0642\u0639\u0646\u0627 \u0627\u0644\u0625\u0644\u0643\u062a\u0631\u0648\u0646\u064a \u0623\u0648 \u064a\u0645\u0643\u0646\u0643 \u0634\u0631\u0627\u0621 \u062a\u0630\u0643\u0631\u062a\u0643 \u0645\u0646 \u0627\u0644\u0645\u062f\u062e\u0644 \u0641\u064a \u0645\u0646\u0637\u0642\u0629 \u0627\u0644\u062a\u0633\u062c\u064a\u0644 \u0641\u064a \u0623\u0631\u0636 \u0627\u0644\u0645\u0639\u0627\u0631\u0636. \u0634\u0631\u0627\u0621 \u0627\u0644\u062a\u0630\u0643\u0631\u0629 \u0639\u0628\u0631 \u0627\u0644\u0625\u0646\u062a\u0631\u0646\u062a \u0645\u0642\u062f\u0645\u0627\u064b \u064a\u0642\u0644\u0644 \u0645\u0646 \u0648\u0642\u062a \u0627\u0644\u0627\u0646\u062a\u0638\u0627\u0631.<\/p>\n\t\t\t\t\t\t\t\t\t\t\t<\/div>\n\t\t\t\t<\/div>\n\t\t\t\t\t\t\t\n\t\t\t\t\n\t\t\t\t<div class=\"wd-accordion-item\">\n\t\t\t\t\t<div class=\"wd-accordion-title font-primary wd-fontsize-l wd-font-weight-600\" data-accordion-index=\"2\">\n\t\t\t\t\t\t<div class=\"wd-accordion-title-text\">\n\t\t\t\t\t\t\t\t\t\t\t\t\t\t<span>\n\t\t\t\t\t\t\t\t\u0645\u0627\u0630\u0627 \u0623\u0641\u0639\u0644 \u0625\u0630\u0627 \u0643\u0646\u062a \u0628\u062d\u0627\u062c\u0629 \u0625\u0644\u0649 \u0625\u0644\u063a\u0627\u0621 \u062a\u0630\u0643\u0631\u0629\u061f\t\t\t\t\t\t\t<\/span>\n\t\t\t\t\t\t<\/div>\n\t\t\t\t\t\t<span class=\"wd-accordion-opener\"><\/span>\n\t\t\t\t\t<\/div>\n\n\t\t\t\t\t<div class=\"wd-accordion-content wd-entry-content wd-fontsize-m\" data-accordion-index=\"2\">\n\t\t\t\t\t\t\t\t\t\t\t\t\t<p>\u0628\u0627\u0644\u0646\u0633\u0628\u0629 \u0644\u0625\u062c\u0631\u0627\u0621\u0627\u062a \u0627\u0644\u0625\u0644\u063a\u0627\u0621\u060c \u064a\u0645\u0643\u0646\u0643 \u0627\u0644\u0643\u062a\u0627\u0628\u0629 \u0625\u0644\u0649 \u0639\u0646\u0648\u0627\u0646 \u0627\u0644\u0628\u0631\u064a\u062f \u0627\u0644\u0625\u0644\u0643\u062a\u0631\u0648\u0646\u064a \u0627\u0644\u062e\u0627\u0635 \u0628\u062f\u0639\u0645 \u0627\u0644\u0645\u0624\u0633\u0633\u0629 \u0645\u0639 \u0645\u0639\u0644\u0648\u0645\u0627\u062a \u0627\u0644\u0627\u062a\u0635\u0627\u0644 \u0627\u0644\u062e\u0627\u0635\u0629 \u0628\u0643.<\/p>\n\t\t\t\t\t\t\t\t\t\t\t<\/div>\n\t\t\t\t<\/div>\n\t\t\t\t\t\t\t\n\t\t\t\t\n\t\t\t\t<div class=\"wd-accordion-item\">\n\t\t\t\t\t<div class=\"wd-accordion-title font-primary wd-fontsize-l wd-font-weight-600\" data-accordion-index=\"3\">\n\t\t\t\t\t\t<div class=\"wd-accordion-title-text\">\n\t\t\t\t\t\t\t\t\t\t\t\t\t\t<span>\n\t\t\t\t\t\t\t\t\u0647\u0644 \u0647\u0646\u0627\u0643 \u0628\u0631\u0646\u0627\u0645\u062c \u0641\u0639\u0627\u0644\u064a\u0629 (\u0646\u062f\u0648\u0629\u060c \u0645\u0624\u062a\u0645\u0631\u060c \u0625\u0644\u062e)\u061f\t\t\t\t\t\t\t<\/span>\n\t\t\t\t\t\t<\/div>\n\t\t\t\t\t\t<span class=\"wd-accordion-opener\"><\/span>\n\t\t\t\t\t<\/div>\n\n\t\t\t\t\t<div class=\"wd-accordion-content wd-entry-content wd-fontsize-m\" data-accordion-index=\"3\">\n\t\t\t\t\t\t\t\t\t\t\t\t\t<p>\u0639\u0646\u062f \u0627\u0644\u0625\u0639\u0644\u0627\u0646 \u0639\u0646 \u0627\u0644\u0641\u0639\u0627\u0644\u064a\u0627\u062a\u060c \u064a\u062a\u0645 \u0625\u062f\u0631\u0627\u062c\u0647\u0627 \u0641\u064a \u0635\u0641\u062d\u0629 \"\u0628\u0631\u0646\u0627\u0645\u062c \u0627\u0644\u0641\u0639\u0627\u0644\u064a\u0627\u062a\". \u064a\u0648\u0635\u0649 \u0628\u0645\u0631\u0627\u062c\u0639\u062a\u0647\u0627 \u0628\u0627\u0646\u062a\u0638\u0627\u0645.<\/p>\n\t\t\t\t\t\t\t\t\t\t\t<\/div>\n\t\t\t\t<\/div>\n\t\t\t\t\t\t\t\n\t\t\t\t\n\t\t\t\t<div class=\"wd-accordion-item\">\n\t\t\t\t\t<div class=\"wd-accordion-title font-primary wd-fontsize-l wd-font-weight-600\" data-accordion-index=\"4\">\n\t\t\t\t\t\t<div class=\"wd-accordion-title-text\">\n\t\t\t\t\t\t\t\t\t\t\t\t\t\t<span>\n\t\t\t\t\t\t\t\t\u0623\u0646\u0627 \u0639\u0636\u0648 \u0641\u064a \u0627\u0644\u0635\u062d\u0627\u0641\u0629\u060c \u0643\u064a\u0641 \u064a\u0645\u0643\u0646\u0646\u064a \u0627\u0644\u0627\u0639\u062a\u0645\u0627\u062f\u061f\t\t\t\t\t\t\t<\/span>\n\t\t\t\t\t\t<\/div>\n\t\t\t\t\t\t<span class=\"wd-accordion-opener\"><\/span>\n\t\t\t\t\t<\/div>\n\n\t\t\t\t\t<div class=\"wd-accordion-content wd-entry-content wd-fontsize-m\" data-accordion-index=\"4\">\n\t\t\t\t\t\t\t\t\t\t\t\t\t<p>\u064a\u0645\u0643\u0646 \u0644\u0623\u0639\u0636\u0627\u0621 \u0627\u0644\u0635\u062d\u0627\u0641\u0629 \u0627\u0644\u062d\u0635\u0648\u0644 \u0639\u0644\u0649 \u062a\u0630\u0643\u0631\u0629 \u0627\u0644\u062f\u062e\u0648\u0644 \u0627\u0644\u0645\u062c\u0627\u0646\u064a\u0629 \u0645\u0646 \u062e\u0644\u0627\u0644 \u0643\u062a\u0627\u0628\u0629 \u0627\u0633\u0645 \u0627\u0644\u0642\u0633\u0645 \u0627\u0644\u0635\u062d\u0641\u064a \u0627\u0644\u0630\u064a \u064a\u0639\u0645\u0644\u0648\u0646 \u0628\u0647 \u0641\u064a \u062e\u0627\u0646\u0629 \u0627\u0633\u0645 \u0627\u0644\u0634\u0631\u0643\u0629 \u0623\u062b\u0646\u0627\u0621 \u0645\u0644\u0621 \u0627\u0644\u0627\u0633\u062a\u0645\u0627\u0631\u0629 \u0627\u0644\u0625\u0644\u0643\u062a\u0631\u0648\u0646\u064a\u0629.<\/p>\n\t\t\t\t\t\t\t\t\t\t\t<\/div>\n\t\t\t\t<\/div>\n\t\t\t\t\t\t\t\n\t\t\t\t\n\t\t\t\t<div class=\"wd-accordion-item\">\n\t\t\t\t\t<div class=\"wd-accordion-title font-primary wd-fontsize-l wd-font-weight-600\" data-accordion-index=\"5\">\n\t\t\t\t\t\t<div class=\"wd-accordion-title-text\">\n\t\t\t\t\t\t\t\t\t\t\t\t\t\t<span>\n\t\t\t\t\t\t\t\t\u0645\u0627\u0630\u0627 \u0623\u0641\u0639\u0644 \u0625\u0630\u0627 \u0643\u0646\u062a \u0623\u0631\u064a\u062f \u0627\u0644\u0645\u0632\u064a\u062f \u0645\u0646 \u0627\u0644\u0645\u0639\u0644\u0648\u0645\u0627\u062a\u061f\t\t\t\t\t\t\t<\/span>\n\t\t\t\t\t\t<\/div>\n\t\t\t\t\t\t<span class=\"wd-accordion-opener\"><\/span>\n\t\t\t\t\t<\/div>\n\n\t\t\t\t\t<div class=\"wd-accordion-content wd-entry-content wd-fontsize-m\" data-accordion-index=\"5\">\n\t\t\t\t\t\t\t\t\t\t\t\t\t<p>\u0625\u0630\u0627 \u0644\u0645 \u062a\u062a\u0645\u0643\u0646 \u0645\u0646 \u0627\u0644\u0639\u062b\u0648\u0631 \u0639\u0644\u0649 \u0625\u062c\u0627\u0628\u0629 \u0639\u0644\u0649 \u0627\u0644\u0645\u0648\u0642\u0639 \u0627\u0644\u0625\u0644\u0643\u062a\u0631\u0648\u0646\u064a\u060c \u064a\u0645\u0643\u0646\u0643 \u0627\u0644\u0627\u062a\u0635\u0627\u0644 \u0628\u0641\u0631\u064a\u0642 \u0627\u0644\u062f\u0639\u0645 \u0639\u0628\u0631 \u0627\u0644\u0628\u0631\u064a\u062f \u0627\u0644\u0625\u0644\u0643\u062a\u0631\u0648\u0646\u064a \u0623\u0648 \u0646\u0645\u0648\u0630\u062c \u0627\u0644\u0627\u062a\u0635\u0627\u0644.<\/p>\n\t\t\t\t\t\t\t\t\t\t\t<\/div>\n\t\t\t\t<\/div>\n\t\t\t\t\t\t\t\t\t\t\t\t\t\t<\/div>\n\n\t\t<\/div><\/div><\/div><\/div>\n<\/div>","protected":false},"excerpt":{"rendered":"Kat\u0131l\u0131\u0131mc\u0131lar \u0130\u00e7in S.S.S. KAPEX&#039;e kat\u0131l\u0131m i\u00e7in nas\u0131l ba\u015fvuru yapabilirim KAPEX\u2019te \u00fcr\u00fcn ya da hizmetlerinizi sergilemek istiyorsan\u0131z, web sitesindeki \u201cKat\u0131l\u0131mc\u0131 formunu\u201d","protected":false},"author":1,"featured_media":0,"parent":0,"menu_order":0,"comment_status":"closed","ping_status":"closed","template":"","meta":{"footnotes":""},"class_list":["post-286","page","type-page","status-publish","hentry"],"_links":{"self":[{"href":"https:\/\/kapexfair.com\/ar\/wp-json\/wp\/v2\/pages\/286","targetHints":{"allow":["GET"]}}],"collection":[{"href":"https:\/\/kapexfair.com\/ar\/wp-json\/wp\/v2\/pages"}],"about":[{"href":"https:\/\/kapexfair.com\/ar\/wp-json\/wp\/v2\/types\/page"}],"author":[{"embeddable":true,"href":"https:\/\/kapexfair.com\/ar\/wp-json\/wp\/v2\/users\/1"}],"replies":[{"embeddable":true,"href":"https:\/\/kapexfair.com\/ar\/wp-json\/wp\/v2\/comments?post=286"}],"version-history":[{"count":0,"href":"https:\/\/kapexfair.com\/ar\/wp-json\/wp\/v2\/pages\/286\/revisions"}],"wp:attachment":[{"href":"https:\/\/kapexfair.com\/ar\/wp-json\/wp\/v2\/media?parent=286"}],"curies":[{"name":"\u062f\u0628\u0644\u064a\u0648 \u0628\u064a","href":"https:\/\/api.w.org\/{rel}","templated":true}]}}