{"id":265,"date":"2025-07-30T09:07:48","date_gmt":"2025-07-30T09:07:48","guid":{"rendered":"https:\/\/kapex.websitesunum.com.tr\/?page_id=265"},"modified":"2025-08-14T11:14:44","modified_gmt":"2025-08-14T11:14:44","slug":"ulasim","status":"publish","type":"page","link":"https:\/\/kapexfair.com\/ar\/ulasim\/","title":{"rendered":"\u0627\u0644\u0646\u0642\u0644 \u0648\u0627\u0644\u0645\u0648\u0627\u0635\u0644\u0627\u062a"},"content":{"rendered":"<div class=\"wpb-content-wrapper\"><div class=\"vc_row wpb_row vc_row-fluid\"><div class=\"wpb_column vc_column_container vc_col-sm-12\"><div class=\"vc_column-inner\"><div class=\"wpb_wrapper\">\n\t\t<div id=\"wd-6888d4700a435\" class=\"wd-tabs wd-wpb wd-rs-6888d4700a435 tabs-design-simple\">\n\t\t\t<div class=\"wd-tabs-header text-center\">\n\t\t\t\t\n\t\t\t\t\n\t\t\t\t<div class=\"wd-nav-wrapper wd-nav-tabs-wrapper\">\n\t\t\t\t\t<ul class=\"wd-nav wd-nav-tabs wd-icon-pos-left wd-style-default font-primary wd-fontsize-m wd-font-weight-800\">\n\t\t\t\t\t\t\t\t\t\t\t\t\t\n\t\t\t\t\t\t\t<li>\n\t\t\t\t\t\t\t\t<a href=\"#\" class=\"wd-nav-link\">\n\t\t\t\t\t\t\t\t\t\t\t\t\t\t\t\t\t\t\t<span class=\"img-wrapper\"><i class=\"fa fa-solid fa-car-rear\"><\/i><\/span>\t\t\t\t\t\t\t\t\t\t\t\t\t\t\t\t\t\t<span class=\"nav-link-text wd-tabs-title\">\n\t\t\t\t\t\t\t\t\t\t\u0645\u0631\u0643\u0628\u0629 \u062e\u0627\u0635\u0629\t\t\t\t\t\t\t\t\t<\/span>\n\t\t\t\t\t\t\t\t<\/a>\n\t\t\t\t\t\t\t<\/li>\n\n\t\t\t\t\t\t\t\t\t\t\t\t\t\n\t\t\t\t\t\t\t<li>\n\t\t\t\t\t\t\t\t<a href=\"#\" class=\"wd-nav-link\">\n\t\t\t\t\t\t\t\t\t\t\t\t\t\t\t\t\t\t\t<span class=\"img-wrapper\"><i class=\"fa fa-solid fa-bus\"><\/i><\/span>\t\t\t\t\t\t\t\t\t\t\t\t\t\t\t\t\t\t<span class=\"nav-link-text wd-tabs-title\">\n\t\t\t\t\t\t\t\t\t\t\u0627\u0644\u0646\u0642\u0644 \u0627\u0644\u0639\u0627\u0645\t\t\t\t\t\t\t\t\t<\/span>\n\t\t\t\t\t\t\t\t<\/a>\n\t\t\t\t\t\t\t<\/li>\n\n\t\t\t\t\t\t\t\t\t\t\t\t\t\n\t\t\t\t\t\t\t<li>\n\t\t\t\t\t\t\t\t<a href=\"#\" class=\"wd-nav-link\">\n\t\t\t\t\t\t\t\t\t\t\t\t\t\t\t\t\t\t\t<span class=\"img-wrapper\"><i class=\"fa fa-solid fa-plane-up\"><\/i><\/span>\t\t\t\t\t\t\t\t\t\t\t\t\t\t\t\t\t\t<span class=\"nav-link-text wd-tabs-title\">\n\t\t\t\t\t\t\t\t\t\t\u0627\u0644\u062e\u0637\u0648\u0637 \u0627\u0644\u062c\u0648\u064a\u0629\t\t\t\t\t\t\t\t\t<\/span>\n\t\t\t\t\t\t\t\t<\/a>\n\t\t\t\t\t\t\t<\/li>\n\n\t\t\t\t\t\t\t\t\t\t\t\t\t\n\t\t\t\t\t\t\t<li>\n\t\t\t\t\t\t\t\t<a href=\"#\" class=\"wd-nav-link\">\n\t\t\t\t\t\t\t\t\t\t\t\t\t\t\t\t\t\t\t<span class=\"img-wrapper\"><i class=\"fa fa-solid fa-train-subway\"><\/i><\/span>\t\t\t\t\t\t\t\t\t\t\t\t\t\t\t\t\t\t<span class=\"nav-link-text wd-tabs-title\">\n\t\t\t\t\t\t\t\t\t\t\u0627\u0644\u0633\u0643\u0643 \u0627\u0644\u062d\u062f\u064a\u062f\u064a\u0629\t\t\t\t\t\t\t\t\t<\/span>\n\t\t\t\t\t\t\t\t<\/a>\n\t\t\t\t\t\t\t<\/li>\n\n\t\t\t\t\t\t\t\t\t\t\t\t\t\n\t\t\t\t\t\t\t<li>\n\t\t\t\t\t\t\t\t<a href=\"#\" class=\"wd-nav-link\">\n\t\t\t\t\t\t\t\t\t\t\t\t\t\t\t\t\t\t\t<span class=\"img-wrapper\"><i class=\"fa fa-solid fa-taxi\"><\/i><\/span>\t\t\t\t\t\t\t\t\t\t\t\t\t\t\t\t\t\t<span class=\"nav-link-text wd-tabs-title\">\n\t\t\t\t\t\t\t\t\t\t\u0633\u064a\u0627\u0631\u0629 \u0623\u062c\u0631\u0629 \u0623\u0648 \u0646\u0642\u0644 \u062e\u0627\u0635\t\t\t\t\t\t\t\t\t<\/span>\n\t\t\t\t\t\t\t\t<\/a>\n\t\t\t\t\t\t\t<\/li>\n\n\t\t\t\t\t\t\n\t\t\t\t\t<\/ul>\n\t\t\t\t<\/div>\n\t\t\t<\/div>\n\n\t\t\t<div class=\"wd-tabs-content-wrapper\">\n\t\t\t\t\n\t\t<div class=\"wd-tab-content\">\n\t\t\t\t\t\t\t<div class=\"wd-entry-content\">\n\t\t\t\t\t- \u062a\u0642\u0639 \u0623\u0631\u0636 \u0627\u0644\u0645\u0639\u0627\u0631\u0636 \u0639\u0644\u0649 \u0628\u0639\u062f \u062d\u0648\u0627\u0644\u064a 20 \u062f\u0642\u064a\u0642\u0629 \u0628\u0627\u0644\u0633\u064a\u0627\u0631\u0629 \u0645\u0646 \u0648\u0633\u0637 \u0645\u062f\u064a\u0646\u0629 \u0642\u064a\u0635\u0631\u064a.<br \/>\n- \u064a\u0645\u0643\u0646\u0643 \u0627\u0644\u0648\u0635\u0648\u0644 \u0628\u0633\u0647\u0648\u0644\u0629 \u0625\u0644\u0649 \u0623\u0631\u0636 \u0627\u0644\u0645\u0639\u0627\u0631\u0636 \u0628\u0627\u062a\u0628\u0627\u0639 \u0627\u062a\u062c\u0627\u0647 \u0627\u0644\u0645\u0646\u0637\u0642\u0629 \u0627\u0644\u0635\u0646\u0627\u0639\u064a\u0629 \u0627\u0644\u0645\u0646\u0638\u0645\u0629 (OSB) \u0645\u0646 \u0648\u0633\u0637 \u0627\u0644\u0645\u062f\u064a\u0646\u0629.<br \/>\n- \u064a\u062a\u0648\u0641\u0631 \u0645\u0648\u0642\u0641 \u0645\u062c\u0627\u0646\u064a \u0644\u0644\u0633\u064a\u0627\u0631\u0627\u062a \u0641\u064a \u0627\u0644\u0645\u0648\u0642\u0639.<\/p>\n<p>\t\t\t\t<\/div>\n\t\t\t\t\t<\/div>\n\n\t\t\n\t\t<div class=\"wd-tab-content\">\n\t\t\t\t\t\t\t<div class=\"wd-entry-content\">\n\t\t\t\t\t- \u062a\u0648\u062c\u062f \u062e\u062f\u0645\u0627\u062a \u062d\u0627\u0641\u0644\u0627\u062a \u0648\u062d\u0627\u0641\u0644\u0627\u062a \u0635\u063a\u064a\u0631\u0629 \u0645\u0646 \u0648\u0633\u0637 \u0627\u0644\u0645\u062f\u064a\u0646\u0629 \u0625\u0644\u0649 \u0623\u0631\u0636 \u0627\u0644\u0645\u0639\u0627\u0631\u0636 OSB.<br \/>\n- \u062e\u0637 \u0627\u0644\u062d\u0627\u0641\u0644\u0627\u062a: \u062a\u0630\u0647\u0628 \u0627\u0644\u062d\u0627\u0641\u0644\u0627\u062a 132 \u0648135 \u0648141 \u0625\u0644\u0649 \u0645\u0646\u0637\u0642\u0629 OSB.<br \/>\n- \u062a\u0648\u0642\u0641: \u064a\u0645\u0643\u0646\u0643 \u0627\u0644\u0646\u0632\u0648\u0644 \u0641\u064a \u0645\u062d\u0637\u0629 \"\u0634\u0627\u0631\u0639 25 \/ \u0623\u0631\u0636 \u0627\u0644\u0645\u0639\u0627\u0631\u0636\".<br \/>\n- \u062c\u062f\u0627\u0648\u0644 \u0627\u0644\u0645\u0648\u0627\u0639\u064a\u062f: \u064a\u0645\u0643\u0646 \u0627\u0644\u062a\u062d\u0642\u0642 \u0645\u0646 \u0645\u0639\u0644\u0648\u0645\u0627\u062a \u062c\u062f\u0648\u0644 \u0627\u0644\u0645\u0648\u0627\u0639\u064a\u062f \u0627\u0644\u062d\u0627\u0644\u064a\u0629 \u0645\u0646 \u0645\u0648\u0642\u0639 Kayseri Ula\u015f\u0131m A.\u015e.<br \/>\n\ud83d\udd17\u00a0<a href=\"http:\/\/www.kayseriulasim.com.tr\">www.kayseriulasim.com.tr<\/a><\/p>\n<p>\t\t\t\t<\/div>\n\t\t\t\t\t<\/div>\n\n\t\t\n\t\t<div class=\"wd-tab-content\">\n\t\t\t\t\t\t\t<div class=\"wd-entry-content\">\n\t\t\t\t\t- \u064a\u0642\u0639 \u0645\u0637\u0627\u0631 \u0642\u064a\u0635\u0631\u064a \u0625\u0631\u0643\u064a\u0644\u064a\u062a (ASR) \u0639\u0644\u0649 \u0628\u064f\u0639\u062f 30 \u062f\u0642\u064a\u0642\u0629 \u062a\u0642\u0631\u064a\u0628\u0627\u064b \u0645\u0646 \u0645\u0631\u0643\u0632 \u0627\u0644\u0645\u0639\u0631\u0636.<br \/>\n- \u0645\u0646 \u0627\u0644\u0645\u0645\u0643\u0646 \u0627\u0644\u0648\u0635\u0648\u0644 \u0625\u0644\u0649 \u0647\u0646\u0627\u0643 \u0628\u0627\u0644\u062a\u0627\u0643\u0633\u064a \u0623\u0648 \u0627\u0633\u062a\u0626\u062c\u0627\u0631 \u0633\u064a\u0627\u0631\u0629 \u0623\u062c\u0631\u0629 \u0623\u0648 \u0646\u0642\u0644 \u062e\u0627\u0635.<br \/>\n- \u064a\u0645\u0643\u0646\u0643 \u0631\u0643\u0648\u0628 \u0648\u0633\u0627\u0626\u0644 \u0627\u0644\u0646\u0642\u0644 \u0627\u0644\u0639\u0627\u0645 \u0645\u0646 \u0627\u0644\u0645\u0637\u0627\u0631 \u0625\u0644\u0649 \u0648\u0633\u0637 \u0627\u0644\u0645\u062f\u064a\u0646\u0629 \u062b\u0645 \u0627\u0644\u0645\u0648\u0627\u0635\u0644\u0629 \u0641\u064a \u0627\u062a\u062c\u0627\u0647 OSB.<\/p>\n<p>\t\t\t\t<\/div>\n\t\t\t\t\t<\/div>\n\n\t\t\n\t\t<div class=\"wd-tab-content\">\n\t\t\t\t\t\t\t<div class=\"wd-entry-content\">\n\t\t\t\t\t- \u064a\u0642\u0639 \u0641\u0646\u062f\u0642 \u0642\u064a\u0635\u0631\u064a \u063a\u0627\u0631\u064a \u0641\u064a \u0648\u0633\u0637 \u0627\u0644\u0645\u062f\u064a\u0646\u0629.<br \/>\n- \u064a\u0645\u0643\u0646\u0643 \u0627\u0644\u0648\u0635\u0648\u0644 \u0645\u0646 \u0645\u062d\u0637\u0629 \u0627\u0644\u0633\u0643\u0629 \u0627\u0644\u062d\u062f\u064a\u062f \u0625\u0644\u0649 OSB \u0628\u0633\u064a\u0627\u0631\u0629 \u0627\u0644\u0623\u062c\u0631\u0629 \u0623\u0648 \u0628\u0648\u0633\u0627\u0626\u0644 \u0627\u0644\u0646\u0642\u0644 \u0627\u0644\u0639\u0627\u0645.<br \/>\n- \u0645\u062a\u0648\u0633\u0637 \u0632\u0645\u0646 \u0627\u0644\u0631\u062d\u0644\u0629 25-30 \u062f\u0642\u064a\u0642\u0629<\/p>\n<p>\t\t\t\t<\/div>\n\t\t\t\t\t<\/div>\n\n\t\t\n\t\t<div class=\"wd-tab-content\">\n\t\t\t\t\t\t\t<div class=\"wd-entry-content\">\n\t\t\t\t\t- \u0645\u062a\u0648\u0633\u0637 \u0627\u0644\u0623\u062c\u0631\u0629 \u0628\u0627\u0644\u062a\u0627\u0643\u0633\u064a \u0645\u0646 \u0648\u0633\u0637 \u0645\u062f\u064a\u0646\u0629 \u0642\u064a\u0635\u0631\u064a: 250-300 \u0644\u064a\u0631\u0629 \u062a\u0631\u0643\u064a\u0629 (\u0627\u0639\u062a\u0628\u0627\u0631\u0627\u064b \u0645\u0646 \u064a\u0648\u0644\u064a\u0648 2025).<br \/>\n- \u062a\u062a\u0648\u0641\u0631 \u062e\u062f\u0645\u0629 \u0646\u0642\u0644 \u062e\u0627\u0635\u0629 \u0645\u0646 \u0627\u0644\u0645\u0637\u0627\u0631 \u0648\u0627\u0644\u0641\u0646\u0627\u062f\u0642.<\/p>\n<p>\t\t\t\t<\/div>\n\t\t\t\t\t<\/div>\n\n\t\t\t\t\t<\/div>\n\t\t<\/div>\n\n\t\t\t\t\t<div class=\"info-box-wrapper\">\n\t\t\t\t<div id=\"wd-689dc51dd233b\" class=\"wd-rs-689dc51dd233b wd-info-box wd-wpb text-left box-icon-align-left box-style- color-scheme- wd-bg-none wd-items-middle\">\n\t\t\t\t\t\t\t\t\t\t\t<div class=\"box-icon-wrapper  box-with-icon box-icon-simple\">\n\t\t\t\t\t\t\t<div class=\"info-box-icon\">\n\n\t\t\t\t\t\t\t\n\t\t\t\t\t\t\t\t\t\t\t\t\t\t\t\t\t<div class=\"info-svg-wrapper\" style=\"width: 40px;height: 40px;\"><img decoding=\"async\"  src=\"https:\/\/kapexfair.com\/wp-content\/uploads\/2025\/08\/map-location-dot-solid.svg\" title=\"\u062e\u0631\u064a\u0637\u0629-\u0645\u0648\u0642\u0639-\u0645\u0648\u0642\u0639-\u0646\u0642\u0637\u0629-\u0645\u0635\u0645\u062a\u0629\" loading=\"lazy\" width=\"40\" height=\"40\"><\/div>\t\t\t\t\t\t\t\t\t\t\t\t\t\t\t\n\t\t\t\t\t\t\t<\/div>\n\t\t\t\t\t\t<\/div>\n\t\t\t\t\t\t\t\t\t\t<div class=\"info-box-content\">\n\t\t\t\t\t\t<h4 class=\"info-box-title title box-title-style-default wd-fontsize-xl\">\u0645\u0631\u0643\u0632 \u0645\u0639\u0627\u0631\u0636 \u0642\u064a\u0635\u0631\u064a OSB \u0627\u0644\u062f\u0648\u0644\u064a<\/h4>\t\t\t\t\t\t<div class=\"info-box-inner reset-last-child\"><\/div>\n\n\t\t\t\t\t\t\t\t\t\t\t<\/div>\n\n\t\t\t\t\t\n\t\t\t\t\t\t\t\t\t<\/div>\n\t\t\t<\/div>\n\t\t<\/div><\/div><\/div><\/div><div class=\"vc_row wpb_row vc_row-fluid\"><div class=\"wpb_column vc_column_container vc_col-sm-12\"><div class=\"vc_column-inner\"><div class=\"wpb_wrapper\">\n\t<div class=\"wpb_raw_code wpb_raw_html wpb_content_element\" >\n\t\t<div class=\"wpb_wrapper\">\n\t\t\t<iframe src=\"https:\/\/www.google.com\/maps\/embed?pb=!1m18!1m12!1m3!1d2849.09853560965!2d35.37493250000001!3d38.7286283!2m3!1f0!2f0!3f0!3m2!1i1024!2i768!4f13.1!3m3!1m2!1s0x152b0500a262dd3b%3A0xaea212e0fe32c582!2sKayseri%20organize%20sanayi%20b%C3%B6lgesi%20fuar%20ve%20kongre%20merkezi!5e1!3m2!1str!2str!4v1755011755977!5m2!1str!2str\" width=\"100%\" height=\"450\" style=\"border:0;\" allowfullscreen=\"\" loading=\"lazy\" referrerpolicy=\"no-referrer-when-downgrade\"><\/iframe>\n\t\t<\/div>\n\t<\/div>\n<\/div><\/div><\/div><\/div>\n<\/div>","protected":false},"excerpt":{"rendered":"\u00d6zel Ara\u00e7 Toplu Ta\u015f\u0131ma Havayolu Demiryolu Taksi veya \u00d6zel Transfer \u2022 Fuar alan\u0131, Kayseri \u015fehir merkezine yakla\u015f\u0131k 20 dakikal\u0131k s\u00fcr\u00fc\u015f","protected":false},"author":1,"featured_media":0,"parent":0,"menu_order":0,"comment_status":"closed","ping_status":"closed","template":"","meta":{"footnotes":""},"class_list":["post-265","page","type-page","status-publish","hentry"],"_links":{"self":[{"href":"https:\/\/kapexfair.com\/ar\/wp-json\/wp\/v2\/pages\/265","targetHints":{"allow":["GET"]}}],"collection":[{"href":"https:\/\/kapexfair.com\/ar\/wp-json\/wp\/v2\/pages"}],"about":[{"href":"https:\/\/kapexfair.com\/ar\/wp-json\/wp\/v2\/types\/page"}],"author":[{"embeddable":true,"href":"https:\/\/kapexfair.com\/ar\/wp-json\/wp\/v2\/users\/1"}],"replies":[{"embeddable":true,"href":"https:\/\/kapexfair.com\/ar\/wp-json\/wp\/v2\/comments?post=265"}],"version-history":[{"count":0,"href":"https:\/\/kapexfair.com\/ar\/wp-json\/wp\/v2\/pages\/265\/revisions"}],"wp:attachment":[{"href":"https:\/\/kapexfair.com\/ar\/wp-json\/wp\/v2\/media?parent=265"}],"curies":[{"name":"\u062f\u0628\u0644\u064a\u0648 \u0628\u064a","href":"https:\/\/api.w.org\/{rel}","templated":true}]}}